{"id":21572,"date":"2018-07-18T19:13:31","date_gmt":"2018-07-18T19:13:31","guid":{"rendered":"https:\/\/scierieferland.com\/?page_id=21572\/"},"modified":"2025-11-07T11:49:34","modified_gmt":"2025-11-07T16:49:34","slug":"home-default","status":"publish","type":"page","link":"https:\/\/scierieferland.com\/fr\/","title":{"rendered":"Accueil"},"content":{"rendered":"<div class=\"wpb-content-wrapper\"><p>[vc_row row_type=\u00a0\u00bbrow\u00a0\u00bb use_row_as_full_screen_section=\u00a0\u00bbno\u00a0\u00bb type=\u00a0\u00bbfull_width\u00a0\u00bb text_align=\u00a0\u00bbleft\u00a0\u00bb background_animation=\u00a0\u00bbnone\u00a0\u00bb css_animation=\u00a0\u00bb\u00a0\u00bb background_color=\u00a0\u00bb#f5f5f5&Prime; css=\u00a0\u00bb.vc_custom_1533761139931{background-color: rgba(247,240,227,0.3) !important;*background-color: rgb(247,240,227) !important;}\u00a0\u00bb][vc_column][vc_row_inner row_type=\u00a0\u00bbrow\u00a0\u00bb type=\u00a0\u00bbgrid\u00a0\u00bb use_row_as_full_screen_section_slide=\u00a0\u00bbno\u00a0\u00bb text_align=\u00a0\u00bbleft\u00a0\u00bb padding_top=\u00a0\u00bb40&Prime; css_animation=\u00a0\u00bb\u00a0\u00bb css=\u00a0\u00bb.vc_custom_1533912146096{padding-left: 0px !important;}\u00a0\u00bb][vc_column_inner width=\u00a0\u00bb1\/2&Prime;][vc_single_image image=\u00a0\u00bb21768&Prime; img_size=\u00a0\u00bbfull\u00a0\u00bb qode_css_animation=\u00a0\u00bb\u00a0\u00bb][\/vc_column_inner][vc_column_inner width=\u00a0\u00bb1\/2&Prime;][vc_separator type=\u00a0\u00bbtransparent\u00a0\u00bb border_style=\u00a0\u00bb\u00a0\u00bb up=\u00a0\u00bb20&Prime; down=\u00a0\u00bb0&Prime;][vc_column_text]<\/p>\n<h6>Pour des mat\u00e9riaux de construction de qualit\u00e9,<\/h6>\n<p>[\/vc_column_text][vc_separator type=\u00a0\u00bbtransparent\u00a0\u00bb border_style=\u00a0\u00bb\u00a0\u00bb up=\u00a0\u00bb20&Prime; down=\u00a0\u00bb0&Prime;][vc_column_text]<\/p>\n<h5>La Scierie Ferland, c&rsquo;est plus de 70 ans d&rsquo;exp\u00e9rience!<\/h5>\n<p>[\/vc_column_text][vc_separator type=\u00a0\u00bbtransparent\u00a0\u00bb border_style=\u00a0\u00bb\u00a0\u00bb up=\u00a0\u00bb10&Prime; down=\u00a0\u00bb0&Prime;][vc_column_text]Situ\u00e9e \u00e0 Ayer&rsquo;s Cliff, Scierie Ferland continue de cro\u00eetre, de se moderniser et d&rsquo;offrir des produits de grande qualit\u00e9. <a href=\"https:\/\/scierieferland.com\/fr\/a-propos\/\">Lire plus &gt;<\/a><\/p>\n<p>&nbsp;<\/p>\n<ul>\n<li><strong><span class=\"first\">Standards \u00e9lev\u00e9s de selection, manutention et s\u00e9chage.<\/span><\/strong><\/li>\n<li><strong>Respect des normes environnementales.<\/strong><\/li>\n<li><strong>Vaste gamme de produits.<\/strong><\/li>\n<\/ul>\n<p>[\/vc_column_text][vc_separator type=\u00a0\u00bbtransparent\u00a0\u00bb border_style=\u00a0\u00bb\u00a0\u00bb up=\u00a0\u00bb10&Prime; down=\u00a0\u00bb0&Prime;][vc_column_text]Choisissez le bois qui convient le mieux \u00e0 vos projets de planchers, patios, lambris, etc, parmi nos essences de <strong><a href=\"https:\/\/scierieferland.com\/fr\/cedre-blanc\/\">c\u00e8dre<\/a>, <a href=\"https:\/\/scierieferland.com\/fr\/pin-blanc\/\">pin<\/a>, <a href=\"https:\/\/scierieferland.com\/fr\/epinette\/\">\u00e9pinette<\/a> et <a href=\"https:\/\/scierieferland.com\/fr\/pruche\/\">pruche<\/a>.<\/strong>[\/vc_column_text][\/vc_column_inner][\/vc_row_inner][\/vc_column][\/vc_row][vc_row row_type=\u00a0\u00bbrow\u00a0\u00bb use_row_as_full_screen_section=\u00a0\u00bbno\u00a0\u00bb type=\u00a0\u00bbfull_width\u00a0\u00bb text_align=\u00a0\u00bbleft\u00a0\u00bb background_image=\u00a0\u00bb21711&Prime; background_animation=\u00a0\u00bbnone\u00a0\u00bb side_padding=\u00a0\u00bb30\/30&Prime; css_animation=\u00a0\u00bb\u00a0\u00bb background_color=\u00a0\u00bb#3e2d20&Prime; css=\u00a0\u00bb.vc_custom_1648755203954{background-color: #3e2d20 !important;}\u00a0\u00bb][vc_column][vc_row_inner row_type=\u00a0\u00bbrow\u00a0\u00bb type=\u00a0\u00bbgrid\u00a0\u00bb use_row_as_full_screen_section_slide=\u00a0\u00bbno\u00a0\u00bb text_align=\u00a0\u00bbcenter\u00a0\u00bb padding_top=\u00a0\u00bb40&Prime; padding_bottom=\u00a0\u00bb40&Prime; css_animation=\u00a0\u00bb\u00a0\u00bb content_placement=\u00a0\u00bbmiddle\u00a0\u00bb][vc_column_inner width=\u00a0\u00bb1\/2&Prime; css=\u00a0\u00bb.vc_custom_1648755073046{padding-top: 60px !important;padding-bottom: 60px !important;}\u00a0\u00bb][vc_column_text][\/vc_column_text][\/vc_column_inner][vc_column_inner width=\u00a0\u00bb1\/2&Prime; css=\u00a0\u00bb.vc_custom_1648755086390{padding-top: 60px !important;padding-bottom: 60px !important;}\u00a0\u00bb][\/vc_column_inner][\/vc_row_inner][\/vc_column][\/vc_row][vc_row row_type=\u00a0\u00bbrow\u00a0\u00bb use_row_as_full_screen_section=\u00a0\u00bbno\u00a0\u00bb type=\u00a0\u00bbfull_width\u00a0\u00bb text_align=\u00a0\u00bbleft\u00a0\u00bb background_image=\u00a0\u00bb21718&Prime; background_animation=\u00a0\u00bbnone\u00a0\u00bb css_animation=\u00a0\u00bb\u00a0\u00bb background_color=\u00a0\u00bb#ffffff\u00a0\u00bb][vc_column][vc_row_inner row_type=\u00a0\u00bbrow\u00a0\u00bb type=\u00a0\u00bbgrid\u00a0\u00bb use_row_as_full_screen_section_slide=\u00a0\u00bbno\u00a0\u00bb text_align=\u00a0\u00bbleft\u00a0\u00bb padding_top=\u00a0\u00bb60&Prime; padding_bottom=\u00a0\u00bb60&Prime; css_animation=\u00a0\u00bb\u00a0\u00bb][vc_column_inner width=\u00a0\u00bb1\/2&Prime;][vc_separator type=\u00a0\u00bbtransparent\u00a0\u00bb border_style=\u00a0\u00bb\u00a0\u00bb up=\u00a0\u00bb5&Prime; down=\u00a0\u00bb0&Prime;][vc_separator type=\u00a0\u00bbtransparent\u00a0\u00bb border_style=\u00a0\u00bb\u00a0\u00bb up=\u00a0\u00bb30&Prime; down=\u00a0\u00bb0&Prime;][\/vc_column_inner][vc_column_inner width=\u00a0\u00bb1\/2&Prime;][vc_separator type=\u00a0\u00bbtransparent\u00a0\u00bb border_style=\u00a0\u00bb\u00a0\u00bb up=\u00a0\u00bb5&Prime; down=\u00a0\u00bb0&Prime;][vc_column_text css=\u00a0\u00bb\u00a0\u00bb]<\/p>\n<h5>Huiles pour bois<\/h5>\n<p>Nous offrons toute la gamme des produits Prato-Verde et Lifetime.[\/vc_column_text][vc_separator type=\u00a0\u00bbtransparent\u00a0\u00bb border_style=\u00a0\u00bb\u00a0\u00bb up=\u00a0\u00bb30&Prime; down=\u00a0\u00bb0&Prime;][vc_single_image image=\u00a0\u00bb22372&Prime; img_size=\u00a0\u00bblarge\u00a0\u00bb alignment=\u00a0\u00bbcenter\u00a0\u00bb css=\u00a0\u00bb\u00a0\u00bb qode_css_animation=\u00a0\u00bb\u00a0\u00bb][\/vc_column_inner][\/vc_row_inner][\/vc_column][\/vc_row][vc_row row_type=\u00a0\u00bbrow\u00a0\u00bb use_row_as_full_screen_section=\u00a0\u00bbno\u00a0\u00bb type=\u00a0\u00bbfull_width\u00a0\u00bb text_align=\u00a0\u00bbcenter\u00a0\u00bb background_animation=\u00a0\u00bbnone\u00a0\u00bb css_animation=\u00a0\u00bb\u00a0\u00bb css=\u00a0\u00bb.vc_custom_1533761294800{background-color: rgba(247,240,227,0.3) !important;*background-color: rgb(247,240,227) !important;}\u00a0\u00bb][vc_column][vc_column_text]<div class=\"call_to_action normal\" style=\"background-color: rgba(247,240,227,0.3);\"><div class=\"container_inner\"><div class=\"two_columns_75_25 clearfix\"><div class=\"text_wrapper column1\"><div class=\"call_to_action_text\" style=\"\"><\/p>\n<p style=\"text-align: center;\"><div class=\"custom_font_holder\" style=\"font-family: Crete Round; font-size: 17px; line-height: 26px; font-style: italic; font-weight: 400; text-decoration: none; letter-spacing: 0px; padding: 0; margin: 0; text-align: left;\"><span>Vous avez besoin de plus d&rsquo;information? L&rsquo;\u00e9quipe de Scierie Ferland est l\u00e0 pour vous r\u00e9pondre.<\/span><\/div>\n<p><\/div><\/div><div class=\"button_wrapper column2\"><a href=\"https:\/\/scierieferland.com\/fr\/nous-joindre\/\" class=\"qbutton \" target=\"_self\" style=\"color:#ffffff;border-color:#e6ae48;background-color: #e6ae48;\" data-hover-background-color=#393939  data-hover-border-color=#393939  data-hover-color=#ffffff>NOUS JOINDRE<\/a><\/div><\/div><\/div><\/div>[\/vc_column_text][\/vc_column][\/vc_row]<\/p>\n<\/div>","protected":false},"excerpt":{"rendered":"<p>[vc_row row_type=\u00a0\u00bbrow\u00a0\u00bb use_row_as_full_screen_section=\u00a0\u00bbno\u00a0\u00bb type=\u00a0\u00bbfull_width\u00a0\u00bb text_align=\u00a0\u00bbleft\u00a0\u00bb background_animation=\u00a0\u00bbnone\u00a0\u00bb css_animation=\u00a0\u00bb\u00a0\u00bb background_color=\u00a0\u00bb#f5f5f5&Prime; css=\u00a0\u00bb.vc_custom_1533761139931{background-color: rgba(247,240,227,0.3) !important;*background-color: rgb(247,240,227) !important;}\u00a0\u00bb][vc_column][vc_row_inner row_type=\u00a0\u00bbrow\u00a0\u00bb type=\u00a0\u00bbgrid\u00a0\u00bb use_row_as_full_screen_section_slide=\u00a0\u00bbno\u00a0\u00bb text_align=\u00a0\u00bbleft\u00a0\u00bb padding_top=\u00a0\u00bb40&Prime; css_animation=\u00a0\u00bb\u00a0\u00bb css=\u00a0\u00bb.vc_custom_1533912146096{padding-left: 0px !important;}\u00a0\u00bb][vc_column_inner width=\u00a0\u00bb1\/2&Prime;][vc_single_image image=\u00a0\u00bb21768&Prime; img_size=\u00a0\u00bbfull\u00a0\u00bb qode_css_animation=\u00a0\u00bb\u00a0\u00bb][\/vc_column_inner][vc_column_inner width=\u00a0\u00bb1\/2&Prime;][vc_separator type=\u00a0\u00bbtransparent\u00a0\u00bb border_style=\u00a0\u00bb\u00a0\u00bb up=\u00a0\u00bb20&Prime; down=\u00a0\u00bb0&Prime;][vc_column_text] Pour des mat\u00e9riaux de construction de qualit\u00e9, [\/vc_column_text][vc_separator type=\u00a0\u00bbtransparent\u00a0\u00bb border_style=\u00a0\u00bb\u00a0\u00bb up=\u00a0\u00bb20&Prime; down=\u00a0\u00bb0&Prime;][vc_column_text] La Scierie&#8230;<\/p>\n","protected":false},"author":1,"featured_media":0,"parent":0,"menu_order":0,"comment_status":"open","ping_status":"closed","template":"full_width.php","meta":{"footnotes":""},"class_list":["post-21572","page","type-page","status-publish","hentry"],"yoast_head":"<!-- This site is optimized with the Yoast SEO plugin v26.8 - https:\/\/yoast.com\/product\/yoast-seo-wordpress\/ -->\n<title>Accueil | Scierie Ferland | Ayer&#039;s Cliff - Cantons de l&#039;Est<\/title>\n<meta name=\"description\" content=\"Situ\u00e9e \u00e0 Ayer&#039;s Cliff, Scierie Ferland offre une vaste gamme de produits de bois de qualit\u00e9, de source locale et \u00e9co-responsable.\" \/>\n<meta name=\"robots\" content=\"index, follow, max-snippet:-1, max-image-preview:large, max-video-preview:-1\" \/>\n<link rel=\"canonical\" href=\"https:\/\/scierieferland.com\/fr\/\" \/>\n<meta property=\"og:locale\" content=\"fr_FR\" \/>\n<meta property=\"og:type\" content=\"article\" \/>\n<meta property=\"og:title\" content=\"Accueil | Scierie Ferland | Ayer&#039;s Cliff - Cantons de l&#039;Est\" \/>\n<meta property=\"og:description\" content=\"Situ\u00e9e \u00e0 Ayer&#039;s Cliff, Scierie Ferland offre une vaste gamme de produits de bois de qualit\u00e9, de source locale et \u00e9co-responsable.\" \/>\n<meta property=\"og:url\" content=\"https:\/\/scierieferland.com\/fr\/\" \/>\n<meta property=\"og:site_name\" content=\"Scierie Ferland\" \/>\n<meta property=\"article:modified_time\" content=\"2025-11-07T16:49:34+00:00\" \/>\n<meta name=\"twitter:card\" content=\"summary_large_image\" \/>\n<meta name=\"twitter:label1\" content=\"Dur\u00e9e de lecture estim\u00e9e\" \/>\n\t<meta name=\"twitter:data1\" content=\"2 minutes\" \/>\n<!-- \/ Yoast SEO plugin. -->","yoast_head_json":{"title":"Accueil | Scierie Ferland | Ayer's Cliff - Cantons de l'Est","description":"Situ\u00e9e \u00e0 Ayer's Cliff, Scierie Ferland offre une vaste gamme de produits de bois de qualit\u00e9, de source locale et \u00e9co-responsable.","robots":{"index":"index","follow":"follow","max-snippet":"max-snippet:-1","max-image-preview":"max-image-preview:large","max-video-preview":"max-video-preview:-1"},"canonical":"https:\/\/scierieferland.com\/fr\/","og_locale":"fr_FR","og_type":"article","og_title":"Accueil | Scierie Ferland | Ayer's Cliff - Cantons de l'Est","og_description":"Situ\u00e9e \u00e0 Ayer's Cliff, Scierie Ferland offre une vaste gamme de produits de bois de qualit\u00e9, de source locale et \u00e9co-responsable.","og_url":"https:\/\/scierieferland.com\/fr\/","og_site_name":"Scierie Ferland","article_modified_time":"2025-11-07T16:49:34+00:00","twitter_card":"summary_large_image","twitter_misc":{"Dur\u00e9e de lecture estim\u00e9e":"2 minutes"},"schema":{"@context":"https:\/\/schema.org","@graph":[{"@type":"WebPage","@id":"https:\/\/scierieferland.com\/fr\/","url":"https:\/\/scierieferland.com\/fr\/","name":"Accueil | Scierie Ferland | Ayer's Cliff - Cantons de l'Est","isPartOf":{"@id":"https:\/\/scierieferland.com\/fr\/#website"},"datePublished":"2018-07-18T19:13:31+00:00","dateModified":"2025-11-07T16:49:34+00:00","description":"Situ\u00e9e \u00e0 Ayer's Cliff, Scierie Ferland offre une vaste gamme de produits de bois de qualit\u00e9, de source locale et \u00e9co-responsable.","breadcrumb":{"@id":"https:\/\/scierieferland.com\/fr\/#breadcrumb"},"inLanguage":"fr-FR","potentialAction":[{"@type":"ReadAction","target":["https:\/\/scierieferland.com\/fr\/"]}]},{"@type":"BreadcrumbList","@id":"https:\/\/scierieferland.com\/fr\/#breadcrumb","itemListElement":[{"@type":"ListItem","position":1,"name":"Home","item":"https:\/\/scierieferland.com\/fr\/"},{"@type":"ListItem","position":2,"name":"Accueil"}]},{"@type":"WebSite","@id":"https:\/\/scierieferland.com\/fr\/#website","url":"https:\/\/scierieferland.com\/fr\/","name":"Scierie Ferland","description":"Bois de construction de qualit\u00e9","potentialAction":[{"@type":"SearchAction","target":{"@type":"EntryPoint","urlTemplate":"https:\/\/scierieferland.com\/fr\/?s={search_term_string}"},"query-input":{"@type":"PropertyValueSpecification","valueRequired":true,"valueName":"search_term_string"}}],"inLanguage":"fr-FR"}]}},"_links":{"self":[{"href":"https:\/\/scierieferland.com\/fr\/wp-json\/wp\/v2\/pages\/21572","targetHints":{"allow":["GET"]}}],"collection":[{"href":"https:\/\/scierieferland.com\/fr\/wp-json\/wp\/v2\/pages"}],"about":[{"href":"https:\/\/scierieferland.com\/fr\/wp-json\/wp\/v2\/types\/page"}],"author":[{"embeddable":true,"href":"https:\/\/scierieferland.com\/fr\/wp-json\/wp\/v2\/users\/1"}],"replies":[{"embeddable":true,"href":"https:\/\/scierieferland.com\/fr\/wp-json\/wp\/v2\/comments?post=21572"}],"version-history":[{"count":84,"href":"https:\/\/scierieferland.com\/fr\/wp-json\/wp\/v2\/pages\/21572\/revisions"}],"predecessor-version":[{"id":22374,"href":"https:\/\/scierieferland.com\/fr\/wp-json\/wp\/v2\/pages\/21572\/revisions\/22374"}],"wp:attachment":[{"href":"https:\/\/scierieferland.com\/fr\/wp-json\/wp\/v2\/media?parent=21572"}],"curies":[{"name":"wp","href":"https:\/\/api.w.org\/{rel}","templated":true}]}}