{"id":22187,"date":"2022-03-18T11:25:38","date_gmt":"2022-03-18T15:25:38","guid":{"rendered":"https:\/\/scierieferland.com\/?page_id=22187"},"modified":"2022-04-01T09:51:47","modified_gmt":"2022-04-01T13:51:47","slug":"pin-blanc","status":"publish","type":"page","link":"https:\/\/scierieferland.com\/fr\/pin-blanc\/","title":{"rendered":"Pin Blanc"},"content":{"rendered":"<div class=\"wpb-content-wrapper\"><p>[vc_row row_type=\u00a0\u00bbrow\u00a0\u00bb use_row_as_full_screen_section=\u00a0\u00bbno\u00a0\u00bb type=\u00a0\u00bbfull_width\u00a0\u00bb text_align=\u00a0\u00bbleft\u00a0\u00bb background_animation=\u00a0\u00bbnone\u00a0\u00bb css_animation=\u00a0\u00bb\u00a0\u00bb css=\u00a0\u00bb.vc_custom_1539974392090{background-color: #f7f0e3 !important;}\u00a0\u00bb][vc_column css=\u00a0\u00bb.vc_custom_1539969969021{padding-right: 30px !important;padding-left: 30px !important;background-color: #f7f0e3 !important;}\u00a0\u00bb][vc_row_inner row_type=\u00a0\u00bbrow\u00a0\u00bb type=\u00a0\u00bbfull_width\u00a0\u00bb use_row_as_full_screen_section_slide=\u00a0\u00bbno\u00a0\u00bb text_align=\u00a0\u00bbleft\u00a0\u00bb css_animation=\u00a0\u00bb\u00a0\u00bb][vc_column_inner][vc_column_text]<\/p>\n<h2>Pin blanc<\/h2>\n<p>Dimensions populaires*<\/p>\n<h6>Longueurs de 4 \u00e0 12 pieds<\/h6>\n<p>[\/vc_column_text][vc_separator type=\u00a0\u00bbnormal\u00a0\u00bb border_style=\u00a0\u00bb\u00a0\u00bb thickness=\u00a0\u00bb1px\u00a0\u00bb up=\u00a0\u00bb15&Prime; down=\u00a0\u00bb15&Prime;][\/vc_column_inner][\/vc_row_inner][vc_row_inner row_type=\u00a0\u00bbrow\u00a0\u00bb type=\u00a0\u00bbfull_width\u00a0\u00bb use_row_as_full_screen_section_slide=\u00a0\u00bbno\u00a0\u00bb text_align=\u00a0\u00bbleft\u00a0\u00bb css_animation=\u00a0\u00bb\u00a0\u00bb][vc_column_inner width=\u00a0\u00bb1\/4&Prime;][vc_column_text css=\u00a0\u00bb.vc_custom_1647888244853{padding-bottom: 30px !important;}\u00a0\u00bb]<strong>PLAN\u00c9 TOUS C\u00d4T\u00c9S<br \/>\n<\/strong><\/p>\n<p>1\/4 X 1-1\/2<br \/>\n3\/8 X 1-1\/2[\/vc_column_text][vc_column_text css=\u00a0\u00bb.vc_custom_1647873400459{padding-bottom: 30px !important;}\u00a0\u00bb]<strong>PLANCHER<\/strong><\/p>\n<p>1 X 6<br \/>\n(voir photo + bas)<br \/>\n1 X 8[\/vc_column_text][\/vc_column_inner][vc_column_inner width=\u00a0\u00bb1\/4&Prime;][vc_column_text css=\u00a0\u00bb.vc_custom_1647888306405{padding-bottom: 30px !important;}\u00a0\u00bb]<strong>EMBOUVET\u00c9 EN V<br \/>\n<\/strong><\/p>\n<p>1 X 4 (V)<br \/>\n1 X 5 (V)<br \/>\n1 X 6 (V)[\/vc_column_text][vc_column_text css=\u00a0\u00bb.vc_custom_1647888357926{padding-bottom: 30px !important;}\u00a0\u00bb]<strong>DECKING<br \/>\n(1 C\u00d4T\u00c9 EN V ET 1 C\u00d4T\u00c9 CARR\u00c9)<br \/>\n<\/strong><\/p>\n<p>1 3\/4 X 6<br \/>\n1 3\/4 X 8[\/vc_column_text][\/vc_column_inner][vc_column_inner width=\u00a0\u00bb1\/4&Prime;][vc_column_text css=\u00a0\u00bb.vc_custom_1617302041346{padding-bottom: 30px !important;}\u00a0\u00bb]<strong>CARR\u00c9<\/strong><br \/>\n1 X 2<br \/>\n1 X 3<br \/>\n1 X 4<br \/>\n1 X 5<br \/>\n1 X 6<br \/>\n1 X 8<br \/>\n1 X 10<br \/>\n1 X 12[\/vc_column_text][\/vc_column_inner][vc_column_inner width=\u00a0\u00bb1\/4&Prime;][vc_column_text css=\u00a0\u00bb.vc_custom_1647873412170{padding-bottom: 30px !important;}\u00a0\u00bb]<strong>CLIN<\/strong><br \/>\n1\/2 X 6<br \/>\n(voir photo + bas)[\/vc_column_text][vc_column_text]<strong>SURDIMENSIONN\u00c9<\/strong><br \/>\n3 X 3<br \/>\n4 X 4<br \/>\n6 X 6[\/vc_column_text][\/vc_column_inner][\/vc_row_inner][\/vc_column][\/vc_row][vc_row row_type=\u00a0\u00bbrow\u00a0\u00bb use_row_as_full_screen_section=\u00a0\u00bbno\u00a0\u00bb type=\u00a0\u00bbgrid\u00a0\u00bb text_align=\u00a0\u00bbleft\u00a0\u00bb background_animation=\u00a0\u00bbnone\u00a0\u00bb css_animation=\u00a0\u00bb\u00a0\u00bb css=\u00a0\u00bb.vc_custom_1647623324213{padding-top: 60px !important;padding-bottom: 80px !important;}\u00a0\u00bb][vc_column width=\u00a0\u00bb1\/3&Prime;]<div class=\"image_with_text\"><img decoding=\"async\" src=\"https:\/\/scierieferland.com\/wp-content\/uploads\/2022\/03\/3-declin-pin-blanc-800px-H.jpg\" alt=\"\" \/><h5 >Clin de pin<\/h5><span style=\"margin: 6px 0px;\" class=\"separator transparent\"><\/span>1\/2&Prime; x 6&Prime; (couvrant 4&Prime;)<\/p>\n<p>1 c\u00f4t\u00e9 plan\u00e9 &#8211; 1 c\u00f4t\u00e9 non-plan\u00e9<\/div>[\/vc_column][vc_column width=\u00a0\u00bb1\/3&Prime;]<div class=\"image_with_text\"><img decoding=\"async\" src=\"https:\/\/scierieferland.com\/wp-content\/uploads\/2022\/03\/5-Plancher-pin-6pouces-800px-H.jpg\" alt=\"\" \/><h5 >Plancher de pin<\/h5><span style=\"margin: 6px 0px;\" class=\"separator transparent\"><\/span>3\/4&Prime; \u00e9paisseur x 6&Prime; (couvrant 5 1\/8&Prime;)<\/p>\n<p>Embouvet\u00e9<\/div>[\/vc_column][vc_column width=\u00a0\u00bb1\/3&Prime;][\/vc_column][\/vc_row]<\/p>\n<\/div>","protected":false},"excerpt":{"rendered":"<p>[vc_row row_type=\u00a0\u00bbrow\u00a0\u00bb use_row_as_full_screen_section=\u00a0\u00bbno\u00a0\u00bb type=\u00a0\u00bbfull_width\u00a0\u00bb text_align=\u00a0\u00bbleft\u00a0\u00bb background_animation=\u00a0\u00bbnone\u00a0\u00bb css_animation=\u00a0\u00bb\u00a0\u00bb css=\u00a0\u00bb.vc_custom_1539974392090{background-color: #f7f0e3 !important;}\u00a0\u00bb][vc_column css=\u00a0\u00bb.vc_custom_1539969969021{padding-right: 30px !important;padding-left: 30px !important;background-color: #f7f0e3 !important;}\u00a0\u00bb][vc_row_inner row_type=\u00a0\u00bbrow\u00a0\u00bb type=\u00a0\u00bbfull_width\u00a0\u00bb use_row_as_full_screen_section_slide=\u00a0\u00bbno\u00a0\u00bb text_align=\u00a0\u00bbleft\u00a0\u00bb css_animation=\u00a0\u00bb\u00a0\u00bb][vc_column_inner][vc_column_text] Pin blanc Dimensions populaires* Longueurs de 4 \u00e0 12 pieds [\/vc_column_text][vc_separator type=\u00a0\u00bbnormal\u00a0\u00bb border_style=\u00a0\u00bb\u00a0\u00bb thickness=\u00a0\u00bb1px\u00a0\u00bb up=\u00a0\u00bb15&Prime; down=\u00a0\u00bb15&Prime;][\/vc_column_inner][\/vc_row_inner][vc_row_inner row_type=\u00a0\u00bbrow\u00a0\u00bb type=\u00a0\u00bbfull_width\u00a0\u00bb use_row_as_full_screen_section_slide=\u00a0\u00bbno\u00a0\u00bb text_align=\u00a0\u00bbleft\u00a0\u00bb css_animation=\u00a0\u00bb\u00a0\u00bb][vc_column_inner width=\u00a0\u00bb1\/4&Prime;][vc_column_text css=\u00a0\u00bb.vc_custom_1647888244853{padding-bottom:&#8230;<\/p>\n","protected":false},"author":1,"featured_media":0,"parent":0,"menu_order":0,"comment_status":"closed","ping_status":"closed","template":"","meta":{"footnotes":""},"class_list":["post-22187","page","type-page","status-publish","hentry"],"yoast_head":"<!-- This site is optimized with the Yoast SEO plugin v26.8 - https:\/\/yoast.com\/product\/yoast-seo-wordpress\/ -->\n<title>Pin Blanc | Scierie Ferland<\/title>\n<meta name=\"description\" content=\"Voici la liste de nos produits de bois de pin \u00e0 la Scierie Ferland, Ayer&#039;s Cliff.\" \/>\n<meta name=\"robots\" content=\"index, follow, max-snippet:-1, max-image-preview:large, max-video-preview:-1\" \/>\n<link rel=\"canonical\" href=\"https:\/\/scierieferland.com\/fr\/pin-blanc\/\" \/>\n<meta property=\"og:locale\" content=\"fr_FR\" \/>\n<meta property=\"og:type\" content=\"article\" \/>\n<meta property=\"og:title\" content=\"Pin Blanc | Scierie Ferland\" \/>\n<meta property=\"og:description\" content=\"Voici la liste de nos produits de bois de pin \u00e0 la Scierie Ferland, Ayer&#039;s Cliff.\" \/>\n<meta property=\"og:url\" content=\"https:\/\/scierieferland.com\/fr\/pin-blanc\/\" \/>\n<meta property=\"og:site_name\" content=\"Scierie Ferland\" \/>\n<meta property=\"article:modified_time\" content=\"2022-04-01T13:51:47+00:00\" \/>\n<meta name=\"twitter:card\" content=\"summary_large_image\" \/>\n<meta name=\"twitter:label1\" content=\"Dur\u00e9e de lecture estim\u00e9e\" \/>\n\t<meta name=\"twitter:data1\" content=\"1 minute\" \/>\n<!-- \/ Yoast SEO plugin. -->","yoast_head_json":{"title":"Pin Blanc | Scierie Ferland","description":"Voici la liste de nos produits de bois de pin \u00e0 la Scierie Ferland, Ayer's Cliff.","robots":{"index":"index","follow":"follow","max-snippet":"max-snippet:-1","max-image-preview":"max-image-preview:large","max-video-preview":"max-video-preview:-1"},"canonical":"https:\/\/scierieferland.com\/fr\/pin-blanc\/","og_locale":"fr_FR","og_type":"article","og_title":"Pin Blanc | Scierie Ferland","og_description":"Voici la liste de nos produits de bois de pin \u00e0 la Scierie Ferland, Ayer's Cliff.","og_url":"https:\/\/scierieferland.com\/fr\/pin-blanc\/","og_site_name":"Scierie Ferland","article_modified_time":"2022-04-01T13:51:47+00:00","twitter_card":"summary_large_image","twitter_misc":{"Dur\u00e9e de lecture estim\u00e9e":"1 minute"},"schema":{"@context":"https:\/\/schema.org","@graph":[{"@type":"WebPage","@id":"https:\/\/scierieferland.com\/fr\/pin-blanc\/","url":"https:\/\/scierieferland.com\/fr\/pin-blanc\/","name":"Pin Blanc | Scierie Ferland","isPartOf":{"@id":"https:\/\/scierieferland.com\/fr\/#website"},"datePublished":"2022-03-18T15:25:38+00:00","dateModified":"2022-04-01T13:51:47+00:00","description":"Voici la liste de nos produits de bois de pin \u00e0 la Scierie Ferland, Ayer's Cliff.","breadcrumb":{"@id":"https:\/\/scierieferland.com\/fr\/pin-blanc\/#breadcrumb"},"inLanguage":"fr-FR","potentialAction":[{"@type":"ReadAction","target":["https:\/\/scierieferland.com\/fr\/pin-blanc\/"]}]},{"@type":"BreadcrumbList","@id":"https:\/\/scierieferland.com\/fr\/pin-blanc\/#breadcrumb","itemListElement":[{"@type":"ListItem","position":1,"name":"Home","item":"https:\/\/scierieferland.com\/fr\/"},{"@type":"ListItem","position":2,"name":"Pin Blanc"}]},{"@type":"WebSite","@id":"https:\/\/scierieferland.com\/fr\/#website","url":"https:\/\/scierieferland.com\/fr\/","name":"Scierie Ferland","description":"Bois de construction de qualit\u00e9","potentialAction":[{"@type":"SearchAction","target":{"@type":"EntryPoint","urlTemplate":"https:\/\/scierieferland.com\/fr\/?s={search_term_string}"},"query-input":{"@type":"PropertyValueSpecification","valueRequired":true,"valueName":"search_term_string"}}],"inLanguage":"fr-FR"}]}},"_links":{"self":[{"href":"https:\/\/scierieferland.com\/fr\/wp-json\/wp\/v2\/pages\/22187","targetHints":{"allow":["GET"]}}],"collection":[{"href":"https:\/\/scierieferland.com\/fr\/wp-json\/wp\/v2\/pages"}],"about":[{"href":"https:\/\/scierieferland.com\/fr\/wp-json\/wp\/v2\/types\/page"}],"author":[{"embeddable":true,"href":"https:\/\/scierieferland.com\/fr\/wp-json\/wp\/v2\/users\/1"}],"replies":[{"embeddable":true,"href":"https:\/\/scierieferland.com\/fr\/wp-json\/wp\/v2\/comments?post=22187"}],"version-history":[{"count":8,"href":"https:\/\/scierieferland.com\/fr\/wp-json\/wp\/v2\/pages\/22187\/revisions"}],"predecessor-version":[{"id":22244,"href":"https:\/\/scierieferland.com\/fr\/wp-json\/wp\/v2\/pages\/22187\/revisions\/22244"}],"wp:attachment":[{"href":"https:\/\/scierieferland.com\/fr\/wp-json\/wp\/v2\/media?parent=22187"}],"curies":[{"name":"wp","href":"https:\/\/api.w.org\/{rel}","templated":true}]}}