{"id":22216,"date":"2022-03-21T10:53:53","date_gmt":"2022-03-21T14:53:53","guid":{"rendered":"https:\/\/scierieferland.com\/?page_id=22216"},"modified":"2022-04-01T09:53:33","modified_gmt":"2022-04-01T13:53:33","slug":"cedre-blanc","status":"publish","type":"page","link":"https:\/\/scierieferland.com\/fr\/cedre-blanc\/","title":{"rendered":"C\u00e8dre Blanc"},"content":{"rendered":"<div class=\"wpb-content-wrapper\"><p>[vc_row row_type=\u00a0\u00bbrow\u00a0\u00bb use_row_as_full_screen_section=\u00a0\u00bbno\u00a0\u00bb type=\u00a0\u00bbfull_width\u00a0\u00bb text_align=\u00a0\u00bbleft\u00a0\u00bb background_animation=\u00a0\u00bbnone\u00a0\u00bb css_animation=\u00a0\u00bb\u00a0\u00bb css=\u00a0\u00bb.vc_custom_1539974392090{background-color: #f7f0e3 !important;}\u00a0\u00bb][vc_column css=\u00a0\u00bb.vc_custom_1539969969021{padding-right: 30px !important;padding-left: 30px !important;background-color: #f7f0e3 !important;}\u00a0\u00bb][vc_row_inner row_type=\u00a0\u00bbrow\u00a0\u00bb type=\u00a0\u00bbfull_width\u00a0\u00bb use_row_as_full_screen_section_slide=\u00a0\u00bbno\u00a0\u00bb text_align=\u00a0\u00bbleft\u00a0\u00bb css_animation=\u00a0\u00bb\u00a0\u00bb][vc_column_inner][vc_column_text]<\/p>\n<h2>C\u00e8dre Blanc<\/h2>\n<p>Dimensions populaires*<\/p>\n<h6>Longueurs de 4 \u00e0 12 pieds<\/h6>\n<p>[\/vc_column_text][vc_separator type=\u00a0\u00bbnormal\u00a0\u00bb border_style=\u00a0\u00bb\u00a0\u00bb thickness=\u00a0\u00bb1px\u00a0\u00bb up=\u00a0\u00bb15&Prime; down=\u00a0\u00bb15&Prime;][\/vc_column_inner][\/vc_row_inner][vc_row_inner row_type=\u00a0\u00bbrow\u00a0\u00bb type=\u00a0\u00bbfull_width\u00a0\u00bb use_row_as_full_screen_section_slide=\u00a0\u00bbno\u00a0\u00bb text_align=\u00a0\u00bbleft\u00a0\u00bb css_animation=\u00a0\u00bb\u00a0\u00bb][vc_column_inner width=\u00a0\u00bb1\/4&Prime;][vc_column_text css=\u00a0\u00bb.vc_custom_1647889353192{padding-bottom: 30px !important;}\u00a0\u00bb]<strong>PLAN\u00c9 TOUS C\u00d4T\u00c9S<br \/>\n<\/strong><\/p>\n<p>1\/4 X 1-1\/2<br \/>\n3\/8 X 1-1\/2<br \/>\n2 X 2<br \/>\n2 X 4<br \/>\n2 X 6<br \/>\n2 X 8[\/vc_column_text][\/vc_column_inner][vc_column_inner width=\u00a0\u00bb1\/4&Prime;][vc_column_text css=\u00a0\u00bb.vc_custom_1647889393263{padding-bottom: 30px !important;}\u00a0\u00bb]<strong>EMBOUVET\u00c9 EN V<br \/>\n<\/strong><\/p>\n<p>1 X 4<br \/>\n1 X 5<br \/>\n1 X 6[\/vc_column_text][vc_column_text css=\u00a0\u00bb.vc_custom_1647889485908{padding-bottom: 30px !important;}\u00a0\u00bb]<strong>PLANCHES \u00c0 PATIO<br \/>\n<\/strong><\/p>\n<p>1 1\/4 X 5[\/vc_column_text][vc_column_text css=\u00a0\u00bb.vc_custom_1647889514615{padding-bottom: 30px !important;}\u00a0\u00bb]<strong>PLANCHES \u00c0 PATIO EMBOUVET\u00c9ES<br \/>\n<\/strong><\/p>\n<p>1 1\/4 X 5[\/vc_column_text][\/vc_column_inner][vc_column_inner width=\u00a0\u00bb1\/4&Prime;][vc_column_text css=\u00a0\u00bb.vc_custom_1647889736652{padding-bottom: 30px !important;}\u00a0\u00bb]<strong>CARR\u00c9<\/strong><br \/>\n1 X 2<br \/>\n1 X 3<br \/>\n1 X 4<br \/>\n1 X 5<br \/>\n1 X 6<br \/>\n1 X 8 (1 c\u00f4t\u00e9 plan\u00e9)[\/vc_column_text][\/vc_column_inner][vc_column_inner width=\u00a0\u00bb1\/4&Prime;][vc_column_text css=\u00a0\u00bb.vc_custom_1647874882837{padding-bottom: 30px !important;}\u00a0\u00bb]<strong>CLIN<\/strong><br \/>\n1\/2 X 6<br \/>\n(voir photo + bas)[\/vc_column_text][vc_column_text css=\u00a0\u00bb.vc_custom_1647889650880{padding-bottom: 30px !important;}\u00a0\u00bb]<strong>SURDIMENSIONN\u00c9<\/strong><br \/>\n4 X 4<br \/>\n6 X 6[\/vc_column_text][\/vc_column_inner][\/vc_row_inner][\/vc_column][\/vc_row][vc_row row_type=\u00a0\u00bbrow\u00a0\u00bb use_row_as_full_screen_section=\u00a0\u00bbno\u00a0\u00bb type=\u00a0\u00bbfull_width\u00a0\u00bb text_align=\u00a0\u00bbleft\u00a0\u00bb background_animation=\u00a0\u00bbnone\u00a0\u00bb css_animation=\u00a0\u00bb\u00a0\u00bb][vc_column][vc_column_text]<\/p>\n<p>[\/vc_column_text][\/vc_column][\/vc_row][vc_row row_type=\u00a0\u00bbrow\u00a0\u00bb use_row_as_full_screen_section=\u00a0\u00bbno\u00a0\u00bb type=\u00a0\u00bbgrid\u00a0\u00bb text_align=\u00a0\u00bbleft\u00a0\u00bb background_animation=\u00a0\u00bbnone\u00a0\u00bb css_animation=\u00a0\u00bb\u00a0\u00bb css=\u00a0\u00bb.vc_custom_1647623324213{padding-top: 60px !important;padding-bottom: 80px !important;}\u00a0\u00bb][vc_column width=\u00a0\u00bb1\/3&Prime;]<div class=\"image_with_text\"><img decoding=\"async\" src=\"https:\/\/scierieferland.com\/wp-content\/uploads\/2022\/03\/1-declin-cedre-6pouces-800px-H.jpg\" alt=\"\" \/><h5 >Clin de c\u00e8dre<\/h5><span style=\"margin: 6px 0px;\" class=\"separator transparent\"><\/span>1\/2&Prime; x 6&Prime; (couvrant 4&Prime;)<\/p>\n<p>1 c\u00f4t\u00e9 plan\u00e9 &#8211; 1 c\u00f4t\u00e9 non-plan\u00e9<\/div>[\/vc_column][vc_column width=\u00a0\u00bb1\/3&Prime;][\/vc_column][vc_column width=\u00a0\u00bb1\/3&Prime;][\/vc_column][\/vc_row]<\/p>\n<\/div>","protected":false},"excerpt":{"rendered":"<p>[vc_row row_type=\u00a0\u00bbrow\u00a0\u00bb use_row_as_full_screen_section=\u00a0\u00bbno\u00a0\u00bb type=\u00a0\u00bbfull_width\u00a0\u00bb text_align=\u00a0\u00bbleft\u00a0\u00bb background_animation=\u00a0\u00bbnone\u00a0\u00bb css_animation=\u00a0\u00bb\u00a0\u00bb css=\u00a0\u00bb.vc_custom_1539974392090{background-color: #f7f0e3 !important;}\u00a0\u00bb][vc_column css=\u00a0\u00bb.vc_custom_1539969969021{padding-right: 30px !important;padding-left: 30px !important;background-color: #f7f0e3 !important;}\u00a0\u00bb][vc_row_inner row_type=\u00a0\u00bbrow\u00a0\u00bb type=\u00a0\u00bbfull_width\u00a0\u00bb use_row_as_full_screen_section_slide=\u00a0\u00bbno\u00a0\u00bb text_align=\u00a0\u00bbleft\u00a0\u00bb css_animation=\u00a0\u00bb\u00a0\u00bb][vc_column_inner][vc_column_text] C\u00e8dre Blanc Dimensions populaires* Longueurs de 4 \u00e0 12 pieds [\/vc_column_text][vc_separator type=\u00a0\u00bbnormal\u00a0\u00bb border_style=\u00a0\u00bb\u00a0\u00bb thickness=\u00a0\u00bb1px\u00a0\u00bb up=\u00a0\u00bb15&Prime; down=\u00a0\u00bb15&Prime;][\/vc_column_inner][\/vc_row_inner][vc_row_inner row_type=\u00a0\u00bbrow\u00a0\u00bb type=\u00a0\u00bbfull_width\u00a0\u00bb use_row_as_full_screen_section_slide=\u00a0\u00bbno\u00a0\u00bb text_align=\u00a0\u00bbleft\u00a0\u00bb css_animation=\u00a0\u00bb\u00a0\u00bb][vc_column_inner width=\u00a0\u00bb1\/4&Prime;][vc_column_text css=\u00a0\u00bb.vc_custom_1647889353192{padding-bottom:&#8230;<\/p>\n","protected":false},"author":1,"featured_media":0,"parent":0,"menu_order":0,"comment_status":"closed","ping_status":"closed","template":"","meta":{"footnotes":""},"class_list":["post-22216","page","type-page","status-publish","hentry"],"yoast_head":"<!-- This site is optimized with the Yoast SEO plugin v26.8 - https:\/\/yoast.com\/product\/yoast-seo-wordpress\/ -->\n<title>C\u00e8dre Blanc | Scierie Ferland<\/title>\n<meta name=\"description\" content=\"Voici la liste de nos produits de bois de c\u00e8dre blanc \u00e0 la Scierie Ferland, Ayer&#039;s Cliff.\" \/>\n<meta name=\"robots\" content=\"index, follow, max-snippet:-1, max-image-preview:large, max-video-preview:-1\" \/>\n<link rel=\"canonical\" href=\"https:\/\/scierieferland.com\/fr\/cedre-blanc\/\" \/>\n<meta property=\"og:locale\" content=\"fr_FR\" \/>\n<meta property=\"og:type\" content=\"article\" \/>\n<meta property=\"og:title\" content=\"C\u00e8dre Blanc | Scierie Ferland\" \/>\n<meta property=\"og:description\" content=\"Voici la liste de nos produits de bois de c\u00e8dre blanc \u00e0 la Scierie Ferland, Ayer&#039;s Cliff.\" \/>\n<meta property=\"og:url\" content=\"https:\/\/scierieferland.com\/fr\/cedre-blanc\/\" \/>\n<meta property=\"og:site_name\" content=\"Scierie Ferland\" \/>\n<meta property=\"article:modified_time\" content=\"2022-04-01T13:53:33+00:00\" \/>\n<meta name=\"twitter:card\" content=\"summary_large_image\" \/>\n<meta name=\"twitter:label1\" content=\"Dur\u00e9e de lecture estim\u00e9e\" \/>\n\t<meta name=\"twitter:data1\" content=\"1 minute\" \/>\n<!-- \/ Yoast SEO plugin. -->","yoast_head_json":{"title":"C\u00e8dre Blanc | Scierie Ferland","description":"Voici la liste de nos produits de bois de c\u00e8dre blanc \u00e0 la Scierie Ferland, Ayer's Cliff.","robots":{"index":"index","follow":"follow","max-snippet":"max-snippet:-1","max-image-preview":"max-image-preview:large","max-video-preview":"max-video-preview:-1"},"canonical":"https:\/\/scierieferland.com\/fr\/cedre-blanc\/","og_locale":"fr_FR","og_type":"article","og_title":"C\u00e8dre Blanc | Scierie Ferland","og_description":"Voici la liste de nos produits de bois de c\u00e8dre blanc \u00e0 la Scierie Ferland, Ayer's Cliff.","og_url":"https:\/\/scierieferland.com\/fr\/cedre-blanc\/","og_site_name":"Scierie Ferland","article_modified_time":"2022-04-01T13:53:33+00:00","twitter_card":"summary_large_image","twitter_misc":{"Dur\u00e9e de lecture estim\u00e9e":"1 minute"},"schema":{"@context":"https:\/\/schema.org","@graph":[{"@type":"WebPage","@id":"https:\/\/scierieferland.com\/fr\/cedre-blanc\/","url":"https:\/\/scierieferland.com\/fr\/cedre-blanc\/","name":"C\u00e8dre Blanc | Scierie Ferland","isPartOf":{"@id":"https:\/\/scierieferland.com\/fr\/#website"},"datePublished":"2022-03-21T14:53:53+00:00","dateModified":"2022-04-01T13:53:33+00:00","description":"Voici la liste de nos produits de bois de c\u00e8dre blanc \u00e0 la Scierie Ferland, Ayer's Cliff.","breadcrumb":{"@id":"https:\/\/scierieferland.com\/fr\/cedre-blanc\/#breadcrumb"},"inLanguage":"fr-FR","potentialAction":[{"@type":"ReadAction","target":["https:\/\/scierieferland.com\/fr\/cedre-blanc\/"]}]},{"@type":"BreadcrumbList","@id":"https:\/\/scierieferland.com\/fr\/cedre-blanc\/#breadcrumb","itemListElement":[{"@type":"ListItem","position":1,"name":"Home","item":"https:\/\/scierieferland.com\/fr\/"},{"@type":"ListItem","position":2,"name":"C\u00e8dre Blanc"}]},{"@type":"WebSite","@id":"https:\/\/scierieferland.com\/fr\/#website","url":"https:\/\/scierieferland.com\/fr\/","name":"Scierie Ferland","description":"Bois de construction de qualit\u00e9","potentialAction":[{"@type":"SearchAction","target":{"@type":"EntryPoint","urlTemplate":"https:\/\/scierieferland.com\/fr\/?s={search_term_string}"},"query-input":{"@type":"PropertyValueSpecification","valueRequired":true,"valueName":"search_term_string"}}],"inLanguage":"fr-FR"}]}},"_links":{"self":[{"href":"https:\/\/scierieferland.com\/fr\/wp-json\/wp\/v2\/pages\/22216","targetHints":{"allow":["GET"]}}],"collection":[{"href":"https:\/\/scierieferland.com\/fr\/wp-json\/wp\/v2\/pages"}],"about":[{"href":"https:\/\/scierieferland.com\/fr\/wp-json\/wp\/v2\/types\/page"}],"author":[{"embeddable":true,"href":"https:\/\/scierieferland.com\/fr\/wp-json\/wp\/v2\/users\/1"}],"replies":[{"embeddable":true,"href":"https:\/\/scierieferland.com\/fr\/wp-json\/wp\/v2\/comments?post=22216"}],"version-history":[{"count":6,"href":"https:\/\/scierieferland.com\/fr\/wp-json\/wp\/v2\/pages\/22216\/revisions"}],"predecessor-version":[{"id":22248,"href":"https:\/\/scierieferland.com\/fr\/wp-json\/wp\/v2\/pages\/22216\/revisions\/22248"}],"wp:attachment":[{"href":"https:\/\/scierieferland.com\/fr\/wp-json\/wp\/v2\/media?parent=22216"}],"curies":[{"name":"wp","href":"https:\/\/api.w.org\/{rel}","templated":true}]}}