{"id":22228,"date":"2022-03-21T11:18:39","date_gmt":"2022-03-21T15:18:39","guid":{"rendered":"https:\/\/scierieferland.com\/?page_id=22228"},"modified":"2022-04-01T09:48:49","modified_gmt":"2022-04-01T13:48:49","slug":"epinette","status":"publish","type":"page","link":"https:\/\/scierieferland.com\/fr\/epinette\/","title":{"rendered":"\u00c9pinette"},"content":{"rendered":"<div class=\"wpb-content-wrapper\"><p>[vc_row row_type=\u00a0\u00bbrow\u00a0\u00bb use_row_as_full_screen_section=\u00a0\u00bbno\u00a0\u00bb type=\u00a0\u00bbfull_width\u00a0\u00bb text_align=\u00a0\u00bbleft\u00a0\u00bb background_animation=\u00a0\u00bbnone\u00a0\u00bb css_animation=\u00a0\u00bb\u00a0\u00bb css=\u00a0\u00bb.vc_custom_1539974392090{background-color: #f7f0e3 !important;}\u00a0\u00bb][vc_column css=\u00a0\u00bb.vc_custom_1539969969021{padding-right: 30px !important;padding-left: 30px !important;background-color: #f7f0e3 !important;}\u00a0\u00bb][vc_row_inner row_type=\u00a0\u00bbrow\u00a0\u00bb type=\u00a0\u00bbfull_width\u00a0\u00bb use_row_as_full_screen_section_slide=\u00a0\u00bbno\u00a0\u00bb text_align=\u00a0\u00bbleft\u00a0\u00bb css_animation=\u00a0\u00bb\u00a0\u00bb][vc_column_inner][vc_column_text]<\/p>\n<h2>\u00c9pinette<\/h2>\n<p>Dimensions populaires*<\/p>\n<h6>Longueurs de 8 \u00e0 16 pieds<\/h6>\n<p>[\/vc_column_text][vc_separator type=\u00a0\u00bbnormal\u00a0\u00bb border_style=\u00a0\u00bb\u00a0\u00bb thickness=\u00a0\u00bb1px\u00a0\u00bb up=\u00a0\u00bb15&Prime; down=\u00a0\u00bb15&Prime;][\/vc_column_inner][\/vc_row_inner][vc_row_inner row_type=\u00a0\u00bbrow\u00a0\u00bb type=\u00a0\u00bbfull_width\u00a0\u00bb use_row_as_full_screen_section_slide=\u00a0\u00bbno\u00a0\u00bb text_align=\u00a0\u00bbleft\u00a0\u00bb css_animation=\u00a0\u00bb\u00a0\u00bb][vc_column_inner width=\u00a0\u00bb1\/4&Prime;][vc_column_text css=\u00a0\u00bb.vc_custom_1647888725369{padding-bottom: 30px !important;}\u00a0\u00bb]<strong>PLAN\u00c9 1 C\u00d4T\u00c9<\/strong><br \/>\n3\/8 X 1-1\/2<br \/>\n5\/8 X 1-1\/2<br \/>\n5\/8 X 2-1\/2<br \/>\n1 X 4<br \/>\n1 X 6<br \/>\n1 X 8<br \/>\n1 X 10<br \/>\n1 X 12<br \/>\n1-1\/4 X 5[\/vc_column_text][vc_column_text css=\u00a0\u00bb.vc_custom_1647556245645{padding-bottom: 30px !important;}\u00a0\u00bb]<strong>FORENCE<\/strong><br \/>\n1 X 3<br \/>\n1 X 4[\/vc_column_text][\/vc_column_inner][vc_column_inner width=\u00a0\u00bb1\/4&Prime;][vc_column_text css=\u00a0\u00bb.vc_custom_1647888660519{padding-bottom: 30px !important;}\u00a0\u00bb]<strong>EMBOUVET\u00c9 V<\/strong><br \/>\n1 X 4<br \/>\n1 X 6<br \/>\n2 X 6[\/vc_column_text][vc_column_text css=\u00a0\u00bb.vc_custom_1647888649565{padding-bottom: 30px !important;}\u00a0\u00bb]<strong>EMBOUVET\u00c9 CARR\u00c9<\/strong><\/p>\n<p>1 X 6<br \/>\n1 X 8<br \/>\n1-1\/4 X 5<br \/>\n2 X 6[\/vc_column_text][\/vc_column_inner][vc_column_inner width=\u00a0\u00bb1\/4&Prime;][vc_column_text css=\u00a0\u00bb.vc_custom_1647888755003{padding-bottom: 30px !important;}\u00a0\u00bb]<strong>SHIPLAP<\/strong><br \/>\n1 X 6<br \/>\n(voir photo + bas)<br \/>\n1 X 8<br \/>\n(voir photo + bas)[\/vc_column_text][vc_column_text css=\u00a0\u00bb.vc_custom_1647888785768{padding-bottom: 30px !important;}\u00a0\u00bb]<strong>OVERLAP<\/strong><br \/>\n1 X 6<br \/>\n(voir photo + bas)<br \/>\n1 X 8<br \/>\n(voir photo + bas)[\/vc_column_text][\/vc_column_inner][vc_column_inner width=\u00a0\u00bb1\/4&Prime;][vc_column_text css=\u00a0\u00bb.vc_custom_1647556256694{padding-bottom: 30px !important;}\u00a0\u00bb]<strong>PLAN\u00c9 TOUS C\u00d4T\u00c9S<\/strong><br \/>\n1 X 3<br \/>\n1 X 4<br \/>\n1 X 5<br \/>\n1 X 6<\/p>\n<p>2 X 2<br \/>\n2 X 3<br \/>\n2 X 4<br \/>\n2 X 6<br \/>\n2 X 8<br \/>\n2 X 10<br \/>\n2 X 12[\/vc_column_text][\/vc_column_inner][\/vc_row_inner][\/vc_column][\/vc_row][vc_row row_type=\u00a0\u00bbrow\u00a0\u00bb use_row_as_full_screen_section=\u00a0\u00bbno\u00a0\u00bb type=\u00a0\u00bbfull_width\u00a0\u00bb text_align=\u00a0\u00bbleft\u00a0\u00bb background_animation=\u00a0\u00bbnone\u00a0\u00bb css_animation=\u00a0\u00bb\u00a0\u00bb][vc_column][vc_row_inner row_type=\u00a0\u00bbrow\u00a0\u00bb type=\u00a0\u00bbfull_width\u00a0\u00bb use_row_as_full_screen_section_slide=\u00a0\u00bbno\u00a0\u00bb text_align=\u00a0\u00bbleft\u00a0\u00bb css_animation=\u00a0\u00bb\u00a0\u00bb][vc_column_inner][vc_empty_space height=\u00a0\u00bb100px\u00a0\u00bb][\/vc_column_inner][\/vc_row_inner][\/vc_column][\/vc_row][vc_row row_type=\u00a0\u00bbrow\u00a0\u00bb use_row_as_full_screen_section=\u00a0\u00bbno\u00a0\u00bb type=\u00a0\u00bbfull_width\u00a0\u00bb text_align=\u00a0\u00bbleft\u00a0\u00bb background_animation=\u00a0\u00bbnone\u00a0\u00bb css_animation=\u00a0\u00bb\u00a0\u00bb][vc_column][vc_column_text]<\/p>\n<p>[\/vc_column_text][\/vc_column][\/vc_row][vc_row row_type=\u00a0\u00bbrow\u00a0\u00bb use_row_as_full_screen_section=\u00a0\u00bbno\u00a0\u00bb type=\u00a0\u00bbgrid\u00a0\u00bb text_align=\u00a0\u00bbleft\u00a0\u00bb background_animation=\u00a0\u00bbnone\u00a0\u00bb css_animation=\u00a0\u00bb\u00a0\u00bb css=\u00a0\u00bb.vc_custom_1647876664901{padding-top: 60px !important;padding-bottom: 40px !important;}\u00a0\u00bb][vc_column width=\u00a0\u00bb1\/3&Prime;]<div class=\"image_with_text\"><img decoding=\"async\" src=\"https:\/\/scierieferland.com\/wp-content\/uploads\/2022\/03\/2-shiplap-epinette-gap-6pouces-800px-H.jpg\" alt=\"\" \/><h5 >\u00c9pinette Shiplap 6 pouces<\/h5><span style=\"margin: 6px 0px;\" class=\"separator transparent\"><\/span>1 x 6&Prime; (5\/8&Prime; X 5&Prime;)<\/div>[\/vc_column][vc_column width=\u00a0\u00bb1\/3&Prime;]<div class=\"image_with_text\"><img decoding=\"async\" src=\"https:\/\/scierieferland.com\/wp-content\/uploads\/2022\/03\/4-shiplap-epinette-gap-8pouces-800px-H.jpg\" alt=\"\" \/><h5 >\u00c9pinette Shiplap 8 pouces<\/h5><span style=\"margin: 6px 0px;\" class=\"separator transparent\"><\/span>1 x 8&Prime; (5\/8&Prime; X 7&Prime;)<\/div>[\/vc_column][vc_column width=\u00a0\u00bb1\/3&Prime;]<div class=\"image_with_text\"><img decoding=\"async\" src=\"https:\/\/scierieferland.com\/wp-content\/uploads\/2022\/03\/7-epinette-embouvetee-v-joint-6pouces-800px-H.jpg\" alt=\"\" \/><h5 >\u00c9pinette embouvet\u00e9e V 6 pouces<\/h5><span style=\"margin: 6px 0px;\" class=\"separator transparent\"><\/span>1 x 6&Prime; (5\/8 X 5 1\/8&Prime;)<\/div>[\/vc_column][\/vc_row][vc_row row_type=\u00a0\u00bbrow\u00a0\u00bb use_row_as_full_screen_section=\u00a0\u00bbno\u00a0\u00bb type=\u00a0\u00bbgrid\u00a0\u00bb text_align=\u00a0\u00bbleft\u00a0\u00bb background_animation=\u00a0\u00bbnone\u00a0\u00bb css_animation=\u00a0\u00bb\u00a0\u00bb css=\u00a0\u00bb.vc_custom_1647876684674{padding-bottom: 80px !important;}\u00a0\u00bb][vc_column width=\u00a0\u00bb1\/3&Prime;]<div class=\"image_with_text\"><img decoding=\"async\" src=\"https:\/\/scierieferland.com\/wp-content\/uploads\/2022\/03\/9-Epinette-embouvetee-reguliere-6pouces-800px-H.jpg\" alt=\"\" \/><h5 >\u00c9pinette embouvet\u00e9e carr\u00e9 6 pouces<\/h5><span style=\"margin: 6px 0px;\" class=\"separator transparent\"><\/span>1&Prime; x 6&Prime; (5\/8&Prime; X\u00a0 5 1\/8&Prime;)<\/p>\n<p>Un c\u00f4t\u00e9 plan\u00e9 et un c\u00f4t\u00e9 non-plan\u00e9.<\/div>[\/vc_column][vc_column width=\u00a0\u00bb1\/3&Prime;]<div class=\"image_with_text\"><img decoding=\"async\" src=\"https:\/\/scierieferland.com\/wp-content\/uploads\/2022\/03\/8-Epinette-overlap-8pouces-800px-H.jpg\" alt=\"\" \/><h5 >\u00c9pinette Overlap 8 pouces<\/h5><span style=\"margin: 6px 0px;\" class=\"separator transparent\"><\/span>1 x 8&Prime; (5\/8&Prime; X 7&Prime;)<\/p>\n<p>Un c\u00f4t\u00e9 plan\u00e9 et un c\u00f4t\u00e9 non-plan\u00e9.<\/div>[\/vc_column][vc_column width=\u00a0\u00bb1\/3&Prime;][\/vc_column][\/vc_row]<\/p>\n<\/div>","protected":false},"excerpt":{"rendered":"<p>[vc_row row_type=\u00a0\u00bbrow\u00a0\u00bb use_row_as_full_screen_section=\u00a0\u00bbno\u00a0\u00bb type=\u00a0\u00bbfull_width\u00a0\u00bb text_align=\u00a0\u00bbleft\u00a0\u00bb background_animation=\u00a0\u00bbnone\u00a0\u00bb css_animation=\u00a0\u00bb\u00a0\u00bb css=\u00a0\u00bb.vc_custom_1539974392090{background-color: #f7f0e3 !important;}\u00a0\u00bb][vc_column css=\u00a0\u00bb.vc_custom_1539969969021{padding-right: 30px !important;padding-left: 30px !important;background-color: #f7f0e3 !important;}\u00a0\u00bb][vc_row_inner row_type=\u00a0\u00bbrow\u00a0\u00bb type=\u00a0\u00bbfull_width\u00a0\u00bb use_row_as_full_screen_section_slide=\u00a0\u00bbno\u00a0\u00bb text_align=\u00a0\u00bbleft\u00a0\u00bb css_animation=\u00a0\u00bb\u00a0\u00bb][vc_column_inner][vc_column_text] \u00c9pinette Dimensions populaires* Longueurs de 8 \u00e0 16 pieds [\/vc_column_text][vc_separator type=\u00a0\u00bbnormal\u00a0\u00bb border_style=\u00a0\u00bb\u00a0\u00bb thickness=\u00a0\u00bb1px\u00a0\u00bb up=\u00a0\u00bb15&Prime; down=\u00a0\u00bb15&Prime;][\/vc_column_inner][\/vc_row_inner][vc_row_inner row_type=\u00a0\u00bbrow\u00a0\u00bb type=\u00a0\u00bbfull_width\u00a0\u00bb use_row_as_full_screen_section_slide=\u00a0\u00bbno\u00a0\u00bb text_align=\u00a0\u00bbleft\u00a0\u00bb css_animation=\u00a0\u00bb\u00a0\u00bb][vc_column_inner width=\u00a0\u00bb1\/4&Prime;][vc_column_text css=\u00a0\u00bb.vc_custom_1647888725369{padding-bottom: 30px&#8230;<\/p>\n","protected":false},"author":1,"featured_media":0,"parent":0,"menu_order":0,"comment_status":"closed","ping_status":"closed","template":"","meta":{"footnotes":""},"class_list":["post-22228","page","type-page","status-publish","hentry"],"yoast_head":"<!-- This site is optimized with the Yoast SEO plugin v26.8 - https:\/\/yoast.com\/product\/yoast-seo-wordpress\/ -->\n<title>\u00c9pinette | Scierie Ferland<\/title>\n<meta name=\"description\" content=\"Voici notre liste de produits de bois d&#039;\u00e9pinette \u00e0 la Scierie Ferland d&#039;Ayers Cliff.\" \/>\n<meta name=\"robots\" content=\"index, follow, max-snippet:-1, max-image-preview:large, max-video-preview:-1\" \/>\n<link rel=\"canonical\" href=\"https:\/\/scierieferland.com\/fr\/epinette\/\" \/>\n<meta property=\"og:locale\" content=\"fr_FR\" \/>\n<meta property=\"og:type\" content=\"article\" \/>\n<meta property=\"og:title\" content=\"\u00c9pinette | Scierie Ferland\" \/>\n<meta property=\"og:description\" content=\"Voici notre liste de produits de bois d&#039;\u00e9pinette \u00e0 la Scierie Ferland d&#039;Ayers Cliff.\" \/>\n<meta property=\"og:url\" content=\"https:\/\/scierieferland.com\/fr\/epinette\/\" \/>\n<meta property=\"og:site_name\" content=\"Scierie Ferland\" \/>\n<meta property=\"article:modified_time\" content=\"2022-04-01T13:48:49+00:00\" \/>\n<meta name=\"twitter:card\" content=\"summary_large_image\" \/>\n<meta name=\"twitter:label1\" content=\"Dur\u00e9e de lecture estim\u00e9e\" \/>\n\t<meta name=\"twitter:data1\" content=\"2 minutes\" \/>\n<!-- \/ Yoast SEO plugin. -->","yoast_head_json":{"title":"\u00c9pinette | Scierie Ferland","description":"Voici notre liste de produits de bois d'\u00e9pinette \u00e0 la Scierie Ferland d'Ayers Cliff.","robots":{"index":"index","follow":"follow","max-snippet":"max-snippet:-1","max-image-preview":"max-image-preview:large","max-video-preview":"max-video-preview:-1"},"canonical":"https:\/\/scierieferland.com\/fr\/epinette\/","og_locale":"fr_FR","og_type":"article","og_title":"\u00c9pinette | Scierie Ferland","og_description":"Voici notre liste de produits de bois d'\u00e9pinette \u00e0 la Scierie Ferland d'Ayers Cliff.","og_url":"https:\/\/scierieferland.com\/fr\/epinette\/","og_site_name":"Scierie Ferland","article_modified_time":"2022-04-01T13:48:49+00:00","twitter_card":"summary_large_image","twitter_misc":{"Dur\u00e9e de lecture estim\u00e9e":"2 minutes"},"schema":{"@context":"https:\/\/schema.org","@graph":[{"@type":"WebPage","@id":"https:\/\/scierieferland.com\/fr\/epinette\/","url":"https:\/\/scierieferland.com\/fr\/epinette\/","name":"\u00c9pinette | Scierie Ferland","isPartOf":{"@id":"https:\/\/scierieferland.com\/fr\/#website"},"datePublished":"2022-03-21T15:18:39+00:00","dateModified":"2022-04-01T13:48:49+00:00","description":"Voici notre liste de produits de bois d'\u00e9pinette \u00e0 la Scierie Ferland d'Ayers Cliff.","breadcrumb":{"@id":"https:\/\/scierieferland.com\/fr\/epinette\/#breadcrumb"},"inLanguage":"fr-FR","potentialAction":[{"@type":"ReadAction","target":["https:\/\/scierieferland.com\/fr\/epinette\/"]}]},{"@type":"BreadcrumbList","@id":"https:\/\/scierieferland.com\/fr\/epinette\/#breadcrumb","itemListElement":[{"@type":"ListItem","position":1,"name":"Home","item":"https:\/\/scierieferland.com\/fr\/"},{"@type":"ListItem","position":2,"name":"\u00c9pinette"}]},{"@type":"WebSite","@id":"https:\/\/scierieferland.com\/fr\/#website","url":"https:\/\/scierieferland.com\/fr\/","name":"Scierie Ferland","description":"Bois de construction de qualit\u00e9","potentialAction":[{"@type":"SearchAction","target":{"@type":"EntryPoint","urlTemplate":"https:\/\/scierieferland.com\/fr\/?s={search_term_string}"},"query-input":{"@type":"PropertyValueSpecification","valueRequired":true,"valueName":"search_term_string"}}],"inLanguage":"fr-FR"}]}},"_links":{"self":[{"href":"https:\/\/scierieferland.com\/fr\/wp-json\/wp\/v2\/pages\/22228","targetHints":{"allow":["GET"]}}],"collection":[{"href":"https:\/\/scierieferland.com\/fr\/wp-json\/wp\/v2\/pages"}],"about":[{"href":"https:\/\/scierieferland.com\/fr\/wp-json\/wp\/v2\/types\/page"}],"author":[{"embeddable":true,"href":"https:\/\/scierieferland.com\/fr\/wp-json\/wp\/v2\/users\/1"}],"replies":[{"embeddable":true,"href":"https:\/\/scierieferland.com\/fr\/wp-json\/wp\/v2\/comments?post=22228"}],"version-history":[{"count":5,"href":"https:\/\/scierieferland.com\/fr\/wp-json\/wp\/v2\/pages\/22228\/revisions"}],"predecessor-version":[{"id":22246,"href":"https:\/\/scierieferland.com\/fr\/wp-json\/wp\/v2\/pages\/22228\/revisions\/22246"}],"wp:attachment":[{"href":"https:\/\/scierieferland.com\/fr\/wp-json\/wp\/v2\/media?parent=22228"}],"curies":[{"name":"wp","href":"https:\/\/api.w.org\/{rel}","templated":true}]}}