{"id":731,"date":"2016-04-23T03:55:34","date_gmt":"2016-04-23T03:55:34","guid":{"rendered":"https:\/\/scierieferland.com\/about-us\/"},"modified":"2022-03-21T14:41:31","modified_gmt":"2022-03-21T18:41:31","slug":"a-propos","status":"publish","type":"page","link":"https:\/\/scierieferland.com\/fr\/a-propos\/","title":{"rendered":"\u00c0 propos de nous"},"content":{"rendered":"<div class=\"wpb-content-wrapper\"><p>[vc_row row_type=\u00a0\u00bbrow\u00a0\u00bb use_row_as_full_screen_section=\u00a0\u00bbno\u00a0\u00bb type=\u00a0\u00bbfull_width\u00a0\u00bb text_align=\u00a0\u00bbleft\u00a0\u00bb background_animation=\u00a0\u00bbnone\u00a0\u00bb css_animation=\u00a0\u00bb\u00a0\u00bb equal_height=\u00a0\u00bbyes\u00a0\u00bb newlayout=\u00a0\u00bbFixed\u00a0\u00bb el_class=\u00a0\u00bbwho-area\u00a0\u00bb css=\u00a0\u00bb.vc_custom_1647543578588{padding-top: 40px !important;}\u00a0\u00bb][vc_column width=\u00a0\u00bb1\/2&Prime;][vc_separator type=\u00a0\u00bbtransparent\u00a0\u00bb border_style=\u00a0\u00bb\u00a0\u00bb up=\u00a0\u00bb12&Prime;][vc_column_text css=\u00a0\u00bb.vc_custom_1647542493278{margin-bottom: 0px !important;}\u00a0\u00bb]<\/p>\n<h6>La Scierie Ferland &#8211; un peu d&rsquo;histoire<\/h6>\n<p>[\/vc_column_text][vc_separator type=\u00a0\u00bbtransparent\u00a0\u00bb border_style=\u00a0\u00bb\u00a0\u00bb up=\u00a0\u00bb12&Prime;][vc_column_text css=\u00a0\u00bb.vc_custom_1647542402358{margin-bottom: 30px !important;}\u00a0\u00bb]<\/p>\n<p style=\"text-align: left;\"><strong>En 1951,<\/strong> Arthur Ferland et sa femme Suzanne am\u00e9nagent une scierie, la Scierie Ferland, sur la rue Clough \u00e0 Ayer\u2019s Cliff et\u00a0y demeurent pendant les 7 ann\u00e9es suivantes. <strong>En 1959,<\/strong> ils d\u00e9m\u00e9nagent l&rsquo;entreprise \u00e0 l\u2019emplacement actuel de la Scierie Ferland et font plusieurs investissements. Les enfants Ferland, R\u00e9my et Onil, s\u2019impliquent dans les op\u00e9rations de l\u2019entreprise et prennent plus tard la rel\u00e8ve, pour plusieurs d\u00e9cennies.<\/p>\n<p>[\/vc_column_text][vc_separator type=\u00a0\u00bbtransparent\u00a0\u00bb border_style=\u00a0\u00bb\u00a0\u00bb up=\u00a0\u00bb12&Prime;][vc_column_text css=\u00a0\u00bb.vc_custom_1647542507428{margin-bottom: 0px !important;}\u00a0\u00bb]<\/p>\n<h6>Une \u00e9volution qui continue<\/h6>\n<p>[\/vc_column_text][vc_separator type=\u00a0\u00bbtransparent\u00a0\u00bb border_style=\u00a0\u00bb\u00a0\u00bb up=\u00a0\u00bb12&Prime;][vc_column_text css=\u00a0\u00bb.vc_custom_1647887941765{margin-bottom: 30px !important;}\u00a0\u00bb]<\/p>\n<p style=\"text-align: left;\"><strong>En 2020<\/strong>, Jasmin C\u00f4t\u00e9 acquiert l&rsquo;entreprise de la famille Ferland. Les nouveaux propri\u00e9taires sont soucieux de maintenir les standards de qualit\u00e9 bien \u00e9tablis, que ce soit dans la s\u00e9lection, la manutention ou le s\u00e9chage du bois. Ces standards font sans aucun doute la r\u00e9putation des produits de qualit\u00e9 de la Scierie Ferland depuis toujours.<\/p>\n<p>[\/vc_column_text][\/vc_column][vc_column width=\u00a0\u00bb1\/2&Prime; el_class=\u00a0\u00bbwho-are-texts\u00a0\u00bb][vc_separator type=\u00a0\u00bbtransparent\u00a0\u00bb border_style=\u00a0\u00bb\u00a0\u00bb up=\u00a0\u00bb12&Prime;][vc_single_image image=\u00a0\u00bb873&Prime; img_size=\u00a0\u00bbmedium\u00a0\u00bb alignment=\u00a0\u00bbcenter\u00a0\u00bb qode_css_animation=\u00a0\u00bb\u00a0\u00bb][vc_separator type=\u00a0\u00bbtransparent\u00a0\u00bb border_style=\u00a0\u00bb\u00a0\u00bb up=\u00a0\u00bb15&Prime; down=\u00a0\u00bb15&Prime;][vc_single_image image=\u00a0\u00bb21622&Prime; img_size=\u00a0\u00bbmedium\u00a0\u00bb alignment=\u00a0\u00bbcenter\u00a0\u00bb qode_css_animation=\u00a0\u00bb\u00a0\u00bb][vc_separator type=\u00a0\u00bbtransparent\u00a0\u00bb border_style=\u00a0\u00bb\u00a0\u00bb up=\u00a0\u00bb15&Prime; down=\u00a0\u00bb15&Prime;][\/vc_column][\/vc_row][vc_row row_type=\u00a0\u00bbrow\u00a0\u00bb use_row_as_full_screen_section=\u00a0\u00bbno\u00a0\u00bb type=\u00a0\u00bbfull_width\u00a0\u00bb text_align=\u00a0\u00bbleft\u00a0\u00bb background_animation=\u00a0\u00bbnone\u00a0\u00bb css_animation=\u00a0\u00bb\u00a0\u00bb background_color=\u00a0\u00bb#f5f5f5&Prime; css=\u00a0\u00bb.vc_custom_1647543813292{padding-bottom: 80px !important;background-color: #ffffff !important;}\u00a0\u00bb][vc_column width=\u00a0\u00bb1\/2&Prime;][vc_column_text]<\/p>\n<h6>Nos produits<\/h6>\n<p>[\/vc_column_text][vc_separator type=\u00a0\u00bbtransparent\u00a0\u00bb border_style=\u00a0\u00bb\u00a0\u00bb up=\u00a0\u00bb12&Prime;][vc_column_text]La qualit\u00e9 des mat\u00e9riaux transform\u00e9s est ce qui distingue <b>Scierie Ferland inc.<\/b> de la comp\u00e9tition. Cette qualit\u00e9 sup\u00e9rieure provient de la connaissance du bois et de ses caract\u00e9ristiques et d&rsquo;un savoir-faire exceptionnel, acquis au cours de plusieurs d\u00e9cennies. De plus, Scierie Ferland part du produit brut, l&rsquo;arbre coup\u00e9, et se rend au produit fini, <strong>sans aucun traitement toxique<\/strong>.[\/vc_column_text][vc_separator type=\u00a0\u00bbtransparent\u00a0\u00bb border_style=\u00a0\u00bb\u00a0\u00bb up=\u00a0\u00bb12&Prime;][vc_column_text]<\/p>\n<h6>Un proc\u00e9d\u00e9 qui fait la diff\u00e9rence<\/h6>\n<p>[\/vc_column_text][vc_separator type=\u00a0\u00bbtransparent\u00a0\u00bb border_style=\u00a0\u00bb\u00a0\u00bb up=\u00a0\u00bb12&Prime;][vc_column_text]<\/p>\n<ul>\n<li><span class=\"first\">L\u2019entreprise <\/span>n\u2019ach\u00e8te que du bois coup\u00e9 en r\u00e9gion.<\/li>\n<li>Elle fait s\u00e9cher le bois un an \u00e0 l\u2019air libre avant de finaliser le s\u00e9chage au four (pour le pin et le c\u00e8dre). Ceci assure la pr\u00e9servation et la richesse du grain et transforme sur place ces mat\u00e9riaux en des produits de choix pour la finition int\u00e9rieure ou ext\u00e9rieure.<\/li>\n<\/ul>\n<p>[\/vc_column_text][\/vc_column][vc_column width=\u00a0\u00bb1\/2&Prime;][vc_separator type=\u00a0\u00bbtransparent\u00a0\u00bb border_style=\u00a0\u00bb\u00a0\u00bb up=\u00a0\u00bb15&Prime; down=\u00a0\u00bb15&Prime;][vc_single_image image=\u00a0\u00bb21877&Prime; img_size=\u00a0\u00bbmedium\u00a0\u00bb alignment=\u00a0\u00bbcenter\u00a0\u00bb qode_css_animation=\u00a0\u00bb\u00a0\u00bb][vc_separator type=\u00a0\u00bbtransparent\u00a0\u00bb border_style=\u00a0\u00bb\u00a0\u00bb up=\u00a0\u00bb15&Prime; down=\u00a0\u00bb15&Prime;][\/vc_column][\/vc_row]<\/p>\n<\/div>","protected":false},"excerpt":{"rendered":"<p>[vc_row row_type=\u00a0\u00bbrow\u00a0\u00bb use_row_as_full_screen_section=\u00a0\u00bbno\u00a0\u00bb type=\u00a0\u00bbfull_width\u00a0\u00bb text_align=\u00a0\u00bbleft\u00a0\u00bb background_animation=\u00a0\u00bbnone\u00a0\u00bb css_animation=\u00a0\u00bb\u00a0\u00bb equal_height=\u00a0\u00bbyes\u00a0\u00bb newlayout=\u00a0\u00bbFixed\u00a0\u00bb el_class=\u00a0\u00bbwho-area\u00a0\u00bb css=\u00a0\u00bb.vc_custom_1647543578588{padding-top: 40px !important;}\u00a0\u00bb][vc_column width=\u00a0\u00bb1\/2&Prime;][vc_separator type=\u00a0\u00bbtransparent\u00a0\u00bb border_style=\u00a0\u00bb\u00a0\u00bb up=\u00a0\u00bb12&Prime;][vc_column_text css=\u00a0\u00bb.vc_custom_1647542493278{margin-bottom: 0px !important;}\u00a0\u00bb] La Scierie Ferland &#8211; un peu d&rsquo;histoire [\/vc_column_text][vc_separator type=\u00a0\u00bbtransparent\u00a0\u00bb border_style=\u00a0\u00bb\u00a0\u00bb up=\u00a0\u00bb12&Prime;][vc_column_text css=\u00a0\u00bb.vc_custom_1647542402358{margin-bottom: 30px !important;}\u00a0\u00bb] En 1951, Arthur Ferland et sa femme Suzanne am\u00e9nagent une scierie,&#8230;<\/p>\n","protected":false},"author":1,"featured_media":0,"parent":0,"menu_order":0,"comment_status":"closed","ping_status":"closed","template":"","meta":{"footnotes":""},"class_list":["post-731","page","type-page","status-publish","hentry"],"yoast_head":"<!-- This site is optimized with the Yoast SEO plugin v26.8 - https:\/\/yoast.com\/product\/yoast-seo-wordpress\/ -->\n<title>\u00c0 propos | Scierie Ferland - Une tradition de p\u00e8re en fils<\/title>\n<meta name=\"description\" content=\"Acquis en 2020 par caroline Isabelle et Jasmin C\u00f4t\u00e9, la Scierie Ferland d&#039;Ayer&#039;s Cliff fut d&#039;abord fond\u00e9e en 1951 par Arthur et Suzanne Ferland et demeura une entreprise familiale pour plusieurs d\u00e9cennies.\" \/>\n<meta name=\"robots\" content=\"index, follow, max-snippet:-1, max-image-preview:large, max-video-preview:-1\" \/>\n<link rel=\"canonical\" href=\"https:\/\/scierieferland.com\/fr\/a-propos\/\" \/>\n<meta property=\"og:locale\" content=\"fr_FR\" \/>\n<meta property=\"og:type\" content=\"article\" \/>\n<meta property=\"og:title\" content=\"\u00c0 propos | Scierie Ferland - Une tradition de p\u00e8re en fils\" \/>\n<meta property=\"og:description\" content=\"Acquis en 2020 par caroline Isabelle et Jasmin C\u00f4t\u00e9, la Scierie Ferland d&#039;Ayer&#039;s Cliff fut d&#039;abord fond\u00e9e en 1951 par Arthur et Suzanne Ferland et demeura une entreprise familiale pour plusieurs d\u00e9cennies.\" \/>\n<meta property=\"og:url\" content=\"https:\/\/scierieferland.com\/fr\/a-propos\/\" \/>\n<meta property=\"og:site_name\" content=\"Scierie Ferland\" \/>\n<meta property=\"article:modified_time\" content=\"2022-03-21T18:41:31+00:00\" \/>\n<meta name=\"twitter:card\" content=\"summary_large_image\" \/>\n<meta name=\"twitter:label1\" content=\"Dur\u00e9e de lecture estim\u00e9e\" \/>\n\t<meta name=\"twitter:data1\" content=\"2 minutes\" \/>\n<!-- \/ Yoast SEO plugin. -->","yoast_head_json":{"title":"\u00c0 propos | Scierie Ferland - Une tradition de p\u00e8re en fils","description":"Acquis en 2020 par caroline Isabelle et Jasmin C\u00f4t\u00e9, la Scierie Ferland d'Ayer's Cliff fut d'abord fond\u00e9e en 1951 par Arthur et Suzanne Ferland et demeura une entreprise familiale pour plusieurs d\u00e9cennies.","robots":{"index":"index","follow":"follow","max-snippet":"max-snippet:-1","max-image-preview":"max-image-preview:large","max-video-preview":"max-video-preview:-1"},"canonical":"https:\/\/scierieferland.com\/fr\/a-propos\/","og_locale":"fr_FR","og_type":"article","og_title":"\u00c0 propos | Scierie Ferland - Une tradition de p\u00e8re en fils","og_description":"Acquis en 2020 par caroline Isabelle et Jasmin C\u00f4t\u00e9, la Scierie Ferland d'Ayer's Cliff fut d'abord fond\u00e9e en 1951 par Arthur et Suzanne Ferland et demeura une entreprise familiale pour plusieurs d\u00e9cennies.","og_url":"https:\/\/scierieferland.com\/fr\/a-propos\/","og_site_name":"Scierie Ferland","article_modified_time":"2022-03-21T18:41:31+00:00","twitter_card":"summary_large_image","twitter_misc":{"Dur\u00e9e de lecture estim\u00e9e":"2 minutes"},"schema":{"@context":"https:\/\/schema.org","@graph":[{"@type":"WebPage","@id":"https:\/\/scierieferland.com\/fr\/a-propos\/","url":"https:\/\/scierieferland.com\/fr\/a-propos\/","name":"\u00c0 propos | Scierie Ferland - Une tradition de p\u00e8re en fils","isPartOf":{"@id":"https:\/\/scierieferland.com\/fr\/#website"},"datePublished":"2016-04-23T03:55:34+00:00","dateModified":"2022-03-21T18:41:31+00:00","description":"Acquis en 2020 par caroline Isabelle et Jasmin C\u00f4t\u00e9, la Scierie Ferland d'Ayer's Cliff fut d'abord fond\u00e9e en 1951 par Arthur et Suzanne Ferland et demeura une entreprise familiale pour plusieurs d\u00e9cennies.","breadcrumb":{"@id":"https:\/\/scierieferland.com\/fr\/a-propos\/#breadcrumb"},"inLanguage":"fr-FR","potentialAction":[{"@type":"ReadAction","target":["https:\/\/scierieferland.com\/fr\/a-propos\/"]}]},{"@type":"BreadcrumbList","@id":"https:\/\/scierieferland.com\/fr\/a-propos\/#breadcrumb","itemListElement":[{"@type":"ListItem","position":1,"name":"Home","item":"https:\/\/scierieferland.com\/fr\/"},{"@type":"ListItem","position":2,"name":"\u00c0 propos de nous"}]},{"@type":"WebSite","@id":"https:\/\/scierieferland.com\/fr\/#website","url":"https:\/\/scierieferland.com\/fr\/","name":"Scierie Ferland","description":"Bois de construction de qualit\u00e9","potentialAction":[{"@type":"SearchAction","target":{"@type":"EntryPoint","urlTemplate":"https:\/\/scierieferland.com\/fr\/?s={search_term_string}"},"query-input":{"@type":"PropertyValueSpecification","valueRequired":true,"valueName":"search_term_string"}}],"inLanguage":"fr-FR"}]}},"_links":{"self":[{"href":"https:\/\/scierieferland.com\/fr\/wp-json\/wp\/v2\/pages\/731","targetHints":{"allow":["GET"]}}],"collection":[{"href":"https:\/\/scierieferland.com\/fr\/wp-json\/wp\/v2\/pages"}],"about":[{"href":"https:\/\/scierieferland.com\/fr\/wp-json\/wp\/v2\/types\/page"}],"author":[{"embeddable":true,"href":"https:\/\/scierieferland.com\/fr\/wp-json\/wp\/v2\/users\/1"}],"replies":[{"embeddable":true,"href":"https:\/\/scierieferland.com\/fr\/wp-json\/wp\/v2\/comments?post=731"}],"version-history":[{"count":41,"href":"https:\/\/scierieferland.com\/fr\/wp-json\/wp\/v2\/pages\/731\/revisions"}],"predecessor-version":[{"id":22243,"href":"https:\/\/scierieferland.com\/fr\/wp-json\/wp\/v2\/pages\/731\/revisions\/22243"}],"wp:attachment":[{"href":"https:\/\/scierieferland.com\/fr\/wp-json\/wp\/v2\/media?parent=731"}],"curies":[{"name":"wp","href":"https:\/\/api.w.org\/{rel}","templated":true}]}}