{"id":861,"date":"2018-04-25T15:33:35","date_gmt":"2018-04-25T15:33:35","guid":{"rendered":"https:\/\/scierieferland.com\/?page_id=861\/"},"modified":"2025-11-07T11:38:21","modified_gmt":"2025-11-07T16:38:21","slug":"autres-produits","status":"publish","type":"page","link":"https:\/\/scierieferland.com\/fr\/autres-produits\/","title":{"rendered":"Autres Produits"},"content":{"rendered":"<div class=\"wpb-content-wrapper\"><p>[vc_row row_type=\u00a0\u00bbrow\u00a0\u00bb use_row_as_full_screen_section=\u00a0\u00bbno\u00a0\u00bb type=\u00a0\u00bbfull_width\u00a0\u00bb text_align=\u00a0\u00bbleft\u00a0\u00bb background_animation=\u00a0\u00bbnone\u00a0\u00bb css_animation=\u00a0\u00bb\u00a0\u00bb background_color=\u00a0\u00bb#f5f5f5&Prime; css=\u00a0\u00bb.vc_custom_1532539147880{background-color: rgba(247,240,227,0.3) !important;*background-color: rgb(247,240,227) !important;}\u00a0\u00bb][vc_column][vc_row_inner row_type=\u00a0\u00bbrow\u00a0\u00bb type=\u00a0\u00bbgrid\u00a0\u00bb use_row_as_full_screen_section_slide=\u00a0\u00bbno\u00a0\u00bb text_align=\u00a0\u00bbleft\u00a0\u00bb css_animation=\u00a0\u00bb\u00a0\u00bb css=\u00a0\u00bb.vc_custom_1647555243629{padding-top: 40px !important;}\u00a0\u00bb][vc_column_inner][vc_separator type=\u00a0\u00bbtransparent\u00a0\u00bb border_style=\u00a0\u00bb\u00a0\u00bb up=\u00a0\u00bb25&Prime; down=\u00a0\u00bb0&Prime;][vc_column_text]<\/p>\n<h6>Autres produits<\/h6>\n<p>[\/vc_column_text][\/vc_column_inner][\/vc_row_inner][vc_row_inner row_type=\u00a0\u00bbrow\u00a0\u00bb type=\u00a0\u00bbgrid\u00a0\u00bb use_row_as_full_screen_section_slide=\u00a0\u00bbno\u00a0\u00bb text_align=\u00a0\u00bbleft\u00a0\u00bb padding_top=\u00a0\u00bb110&Prime; padding_bottom=\u00a0\u00bb50&Prime; css_animation=\u00a0\u00bb\u00a0\u00bb][vc_column_inner width=\u00a0\u00bb1\/2&Prime;]<div class='q_icon_with_title  circle'><div class=\"icon_holder \" style=\" \"><div class=\"icon_holder_inner\"><span class=\"q_font_elegant_holder circle  custom-font\" style=\"font-size: 20px;\"><span class=\"icon_text_icon q_font_elegant_icon arrow_right\" aria-hidden=\"true\" style=\"font-size: 20px;\"><\/span><\/span><\/div><\/div><div class=\"icon_text_holder\" style=\"padding-left: 80px\"><div class=\"icon_text_inner\" style=\"\"><h4 class=\"icon_title\" style=\"\">Huiles pour bois<\/h4><p style=''>Traitez vos planchers ou meubles avec nos huiles pour bois de marque <strong>Prato-Verde ou Lifetime<\/strong> afin de mieux les prot\u00e9ger, les rendre plus durables ou leur redonner de l'\u00e9clat.<\/p><\/div><\/div><\/div>[vc_separator type=\u00a0\u00bbtransparent\u00a0\u00bb border_style=\u00a0\u00bb\u00a0\u00bb up=\u00a0\u00bb25&Prime; down=\u00a0\u00bb0&Prime;][\/vc_column_inner][vc_column_inner width=\u00a0\u00bb1\/2&Prime;][vc_single_image image=\u00a0\u00bb21614&Prime; img_size=\u00a0\u00bbmedium\u00a0\u00bb alignment=\u00a0\u00bbcenter\u00a0\u00bb qode_css_animation=\u00a0\u00bb\u00a0\u00bb][vc_separator type=\u00a0\u00bbtransparent\u00a0\u00bb border_style=\u00a0\u00bb\u00a0\u00bb up=\u00a0\u00bb15&Prime; down=\u00a0\u00bb15&Prime;][\/vc_column_inner][\/vc_row_inner][\/vc_column][\/vc_row][vc_row row_type=\u00a0\u00bbrow\u00a0\u00bb use_row_as_full_screen_section=\u00a0\u00bbno\u00a0\u00bb type=\u00a0\u00bbfull_width\u00a0\u00bb text_align=\u00a0\u00bbcenter\u00a0\u00bb background_animation=\u00a0\u00bbnone\u00a0\u00bb css_animation=\u00a0\u00bb\u00a0\u00bb css=\u00a0\u00bb.vc_custom_1533761294800{background-color: rgba(247,240,227,0.3) !important;*background-color: rgb(247,240,227) !important;}\u00a0\u00bb][vc_column]<div class=\"call_to_action normal\" style=\"background-color: #362519;\"><div class=\"container_inner\"><div class=\"two_columns_75_25 clearfix\"><div class=\"text_wrapper column1\"><div class=\"call_to_action_text\" style=\"\"><div class=\"custom_font_holder\" style=\"font-family: Crete Round; font-size: 17px; line-height: 22px; font-style: italic; font-weight: 400; color: #f7f0e3; text-decoration: none; letter-spacing: 0px; padding: 0; margin: 0; text-align: left;\"><span>Vue d&rsquo;ensemble de nos produits<\/span><\/div><\/div><\/div><div class=\"button_wrapper column2\"><a href=\"https:\/\/scierieferland.com\/fr\/liste-produits\/\" class=\"qbutton \" target=\"_self\" style=\"color:#ffffff;border-color:#e6ae48;background-color: #e6ae48;\" data-hover-background-color=#362519  data-hover-border-color=#362519  data-hover-color=#ffffff>VOIR LA LISTE<\/a><\/div><\/div><\/div><\/div>[\/vc_column][\/vc_row]<\/p>\n<\/div>","protected":false},"excerpt":{"rendered":"<p>[vc_row row_type=\u00a0\u00bbrow\u00a0\u00bb use_row_as_full_screen_section=\u00a0\u00bbno\u00a0\u00bb type=\u00a0\u00bbfull_width\u00a0\u00bb text_align=\u00a0\u00bbleft\u00a0\u00bb background_animation=\u00a0\u00bbnone\u00a0\u00bb css_animation=\u00a0\u00bb\u00a0\u00bb background_color=\u00a0\u00bb#f5f5f5&Prime; css=\u00a0\u00bb.vc_custom_1532539147880{background-color: rgba(247,240,227,0.3) !important;*background-color: rgb(247,240,227) !important;}\u00a0\u00bb][vc_column][vc_row_inner row_type=\u00a0\u00bbrow\u00a0\u00bb type=\u00a0\u00bbgrid\u00a0\u00bb use_row_as_full_screen_section_slide=\u00a0\u00bbno\u00a0\u00bb text_align=\u00a0\u00bbleft\u00a0\u00bb css_animation=\u00a0\u00bb\u00a0\u00bb css=\u00a0\u00bb.vc_custom_1647555243629{padding-top: 40px !important;}\u00a0\u00bb][vc_column_inner][vc_separator type=\u00a0\u00bbtransparent\u00a0\u00bb border_style=\u00a0\u00bb\u00a0\u00bb up=\u00a0\u00bb25&Prime; down=\u00a0\u00bb0&Prime;][vc_column_text] Autres produits [\/vc_column_text][\/vc_column_inner][\/vc_row_inner][vc_row_inner row_type=\u00a0\u00bbrow\u00a0\u00bb type=\u00a0\u00bbgrid\u00a0\u00bb use_row_as_full_screen_section_slide=\u00a0\u00bbno\u00a0\u00bb text_align=\u00a0\u00bbleft\u00a0\u00bb padding_top=\u00a0\u00bb110&Prime; padding_bottom=\u00a0\u00bb50&Prime; css_animation=\u00a0\u00bb\u00a0\u00bb][vc_column_inner width=\u00a0\u00bb1\/2&Prime;][vc_separator type=\u00a0\u00bbtransparent\u00a0\u00bb border_style=\u00a0\u00bb\u00a0\u00bb up=\u00a0\u00bb25&Prime; down=\u00a0\u00bb0&Prime;][\/vc_column_inner][vc_column_inner width=\u00a0\u00bb1\/2&Prime;][vc_single_image image=\u00a0\u00bb21614&Prime; img_size=\u00a0\u00bbmedium\u00a0\u00bb alignment=\u00a0\u00bbcenter\u00a0\u00bb qode_css_animation=\u00a0\u00bb\u00a0\u00bb][vc_separator&#8230;<\/p>\n","protected":false},"author":1,"featured_media":0,"parent":0,"menu_order":0,"comment_status":"closed","ping_status":"closed","template":"full_width.php","meta":{"footnotes":""},"class_list":["post-861","page","type-page","status-publish","hentry"],"yoast_head":"<!-- This site is optimized with the Yoast SEO plugin v26.8 - https:\/\/yoast.com\/product\/yoast-seo-wordpress\/ -->\n<title>Autres Produits | Scierie Ferland - Des produits transform\u00e9s de qualit\u00e9<\/title>\n<meta name=\"description\" content=\"La Scierie Ferland offre une gamme int\u00e9ressante d&#039;huiles \u00e0 bois pour planchers et meubles ainsi que des chaises adirondack en c\u00e8dre, pr\u00eates \u00e0 teindre.\" \/>\n<meta name=\"robots\" content=\"index, follow, max-snippet:-1, max-image-preview:large, max-video-preview:-1\" \/>\n<link rel=\"canonical\" href=\"https:\/\/scierieferland.com\/fr\/autres-produits\/\" \/>\n<meta property=\"og:locale\" content=\"fr_FR\" \/>\n<meta property=\"og:type\" content=\"article\" \/>\n<meta property=\"og:title\" content=\"Autres Produits | Scierie Ferland - Des produits transform\u00e9s de qualit\u00e9\" \/>\n<meta property=\"og:description\" content=\"La Scierie Ferland offre une gamme int\u00e9ressante d&#039;huiles \u00e0 bois pour planchers et meubles ainsi que des chaises adirondack en c\u00e8dre, pr\u00eates \u00e0 teindre.\" \/>\n<meta property=\"og:url\" content=\"https:\/\/scierieferland.com\/fr\/autres-produits\/\" \/>\n<meta property=\"og:site_name\" content=\"Scierie Ferland\" \/>\n<meta property=\"article:modified_time\" content=\"2025-11-07T16:38:21+00:00\" \/>\n<meta name=\"twitter:card\" content=\"summary_large_image\" \/>\n<meta name=\"twitter:label1\" content=\"Dur\u00e9e de lecture estim\u00e9e\" \/>\n\t<meta name=\"twitter:data1\" content=\"1 minute\" \/>\n<!-- \/ Yoast SEO plugin. -->","yoast_head_json":{"title":"Autres Produits | Scierie Ferland - Des produits transform\u00e9s de qualit\u00e9","description":"La Scierie Ferland offre une gamme int\u00e9ressante d'huiles \u00e0 bois pour planchers et meubles ainsi que des chaises adirondack en c\u00e8dre, pr\u00eates \u00e0 teindre.","robots":{"index":"index","follow":"follow","max-snippet":"max-snippet:-1","max-image-preview":"max-image-preview:large","max-video-preview":"max-video-preview:-1"},"canonical":"https:\/\/scierieferland.com\/fr\/autres-produits\/","og_locale":"fr_FR","og_type":"article","og_title":"Autres Produits | Scierie Ferland - Des produits transform\u00e9s de qualit\u00e9","og_description":"La Scierie Ferland offre une gamme int\u00e9ressante d'huiles \u00e0 bois pour planchers et meubles ainsi que des chaises adirondack en c\u00e8dre, pr\u00eates \u00e0 teindre.","og_url":"https:\/\/scierieferland.com\/fr\/autres-produits\/","og_site_name":"Scierie Ferland","article_modified_time":"2025-11-07T16:38:21+00:00","twitter_card":"summary_large_image","twitter_misc":{"Dur\u00e9e de lecture estim\u00e9e":"1 minute"},"schema":{"@context":"https:\/\/schema.org","@graph":[{"@type":"WebPage","@id":"https:\/\/scierieferland.com\/fr\/autres-produits\/","url":"https:\/\/scierieferland.com\/fr\/autres-produits\/","name":"Autres Produits | Scierie Ferland - Des produits transform\u00e9s de qualit\u00e9","isPartOf":{"@id":"https:\/\/scierieferland.com\/fr\/#website"},"datePublished":"2018-04-25T15:33:35+00:00","dateModified":"2025-11-07T16:38:21+00:00","description":"La Scierie Ferland offre une gamme int\u00e9ressante d'huiles \u00e0 bois pour planchers et meubles ainsi que des chaises adirondack en c\u00e8dre, pr\u00eates \u00e0 teindre.","breadcrumb":{"@id":"https:\/\/scierieferland.com\/fr\/autres-produits\/#breadcrumb"},"inLanguage":"fr-FR","potentialAction":[{"@type":"ReadAction","target":["https:\/\/scierieferland.com\/fr\/autres-produits\/"]}]},{"@type":"BreadcrumbList","@id":"https:\/\/scierieferland.com\/fr\/autres-produits\/#breadcrumb","itemListElement":[{"@type":"ListItem","position":1,"name":"Home","item":"https:\/\/scierieferland.com\/fr\/"},{"@type":"ListItem","position":2,"name":"Autres Produits"}]},{"@type":"WebSite","@id":"https:\/\/scierieferland.com\/fr\/#website","url":"https:\/\/scierieferland.com\/fr\/","name":"Scierie Ferland","description":"Bois de construction de qualit\u00e9","potentialAction":[{"@type":"SearchAction","target":{"@type":"EntryPoint","urlTemplate":"https:\/\/scierieferland.com\/fr\/?s={search_term_string}"},"query-input":{"@type":"PropertyValueSpecification","valueRequired":true,"valueName":"search_term_string"}}],"inLanguage":"fr-FR"}]}},"_links":{"self":[{"href":"https:\/\/scierieferland.com\/fr\/wp-json\/wp\/v2\/pages\/861","targetHints":{"allow":["GET"]}}],"collection":[{"href":"https:\/\/scierieferland.com\/fr\/wp-json\/wp\/v2\/pages"}],"about":[{"href":"https:\/\/scierieferland.com\/fr\/wp-json\/wp\/v2\/types\/page"}],"author":[{"embeddable":true,"href":"https:\/\/scierieferland.com\/fr\/wp-json\/wp\/v2\/users\/1"}],"replies":[{"embeddable":true,"href":"https:\/\/scierieferland.com\/fr\/wp-json\/wp\/v2\/comments?post=861"}],"version-history":[{"count":52,"href":"https:\/\/scierieferland.com\/fr\/wp-json\/wp\/v2\/pages\/861\/revisions"}],"predecessor-version":[{"id":22369,"href":"https:\/\/scierieferland.com\/fr\/wp-json\/wp\/v2\/pages\/861\/revisions\/22369"}],"wp:attachment":[{"href":"https:\/\/scierieferland.com\/fr\/wp-json\/wp\/v2\/media?parent=861"}],"curies":[{"name":"wp","href":"https:\/\/api.w.org\/{rel}","templated":true}]}}